{"id":7262,"date":"2024-09-20T13:39:40","date_gmt":"2024-09-20T13:39:40","guid":{"rendered":"https:\/\/petplay.pt\/?post_type=product&#038;p=7262"},"modified":"2024-09-20T13:42:13","modified_gmt":"2024-09-20T13:42:13","slug":"alaska-dog-chicken-400g","status":"publish","type":"product","link":"https:\/\/petplay.pt\/pt\/shop\/chicken\/alaska-dog-chicken-400g\/","title":{"rendered":"Alaska Dog \u2013 Frango 400g"},"content":{"rendered":"<p><strong>Peso:<\/strong> 400 g.<br \/>\n<strong>Ingredientes:<\/strong> 100% Frango.<br \/>\n<strong>Propor\u00e7\u00f5es:<\/strong> 85% Frango: costas carnudas 50%, est\u00f4mago 15%, f\u00edgado 10%, cora\u00e7\u00e3o 10%, 15% mistura de vegetais: cenoura 5%, espinafre 5%, couve-flor 5%.<br \/>\n<strong>An\u00e1lise:<\/strong> 74% umidade, 14% prote\u00edna, 10% gordura, 0,3% fibra, 2% cinzas, 1,17% c\u00e1lcio, 0,4% f\u00f3sforo, Ca:P: 1,68, Energia: 143 kcal\/100 g.<\/p>","protected":false},"excerpt":{"rendered":"<div class=\"row\">\n<p class=\"field\">Refei\u00e7\u00e3o saud\u00e1vel \u00e0 base de frango 100%.<\/p>\n<\/div>","protected":false},"featured_media":7259,"comment_status":"open","ping_status":"closed","template":"","meta":{"inline_featured_image":false},"product_cat":[105],"product_tag":[137,99],"class_list":{"0":"post-7262","1":"product","2":"type-product","3":"status-publish","4":"has-post-thumbnail","6":"product_cat-chicken","7":"product_tag-400-g","8":"product_tag-pet-food","9":"product_brand-alaska","11":"first","12":"instock","13":"taxable","14":"shipping-taxable","15":"purchasable","16":"product-type-simple"},"_links":{"self":[{"href":"https:\/\/petplay.pt\/pt\/wp-json\/wp\/v2\/product\/7262","targetHints":{"allow":["GET"]}}],"collection":[{"href":"https:\/\/petplay.pt\/pt\/wp-json\/wp\/v2\/product"}],"about":[{"href":"https:\/\/petplay.pt\/pt\/wp-json\/wp\/v2\/types\/product"}],"replies":[{"embeddable":true,"href":"https:\/\/petplay.pt\/pt\/wp-json\/wp\/v2\/comments?post=7262"}],"version-history":[{"count":1,"href":"https:\/\/petplay.pt\/pt\/wp-json\/wp\/v2\/product\/7262\/revisions"}],"predecessor-version":[{"id":7263,"href":"https:\/\/petplay.pt\/pt\/wp-json\/wp\/v2\/product\/7262\/revisions\/7263"}],"wp:featuredmedia":[{"embeddable":true,"href":"https:\/\/petplay.pt\/pt\/wp-json\/wp\/v2\/media\/7259"}],"wp:attachment":[{"href":"https:\/\/petplay.pt\/pt\/wp-json\/wp\/v2\/media?parent=7262"}],"wp:term":[{"taxonomy":"product_cat","embeddable":true,"href":"https:\/\/petplay.pt\/pt\/wp-json\/wp\/v2\/product_cat?post=7262"},{"taxonomy":"product_tag","embeddable":true,"href":"https:\/\/petplay.pt\/pt\/wp-json\/wp\/v2\/product_tag?post=7262"}],"curies":[{"name":"wp","href":"https:\/\/api.w.org\/{rel}","templated":true}]}}