{"id":7132,"date":"2024-09-19T11:36:18","date_gmt":"2024-09-19T11:36:18","guid":{"rendered":"https:\/\/petplay.pt\/?post_type=product&#038;p=7132"},"modified":"2024-09-19T11:42:05","modified_gmt":"2024-09-19T11:42:05","slug":"kb-barf-minced-chicken-backs-1kg","status":"publish","type":"product","link":"https:\/\/petplay.pt\/pt\/shop\/barf\/kb-barf-minced-chicken-backs-1kg\/","title":{"rendered":"KB BARF \u2013 Costelas de Frango Picadas 1kg"},"content":{"rendered":"<p><strong>Peso:<\/strong> 1 kg.<br \/>\n<strong>Ingredientes:<\/strong> 100% Costas de frango.<br \/>\n<strong>Propor\u00e7\u00f5es:<\/strong> Carne: 70%, Ossos: 30%, \u00d3rg\u00e3os: 0%, Extra: 0%.<br \/>\n<strong>An\u00e1lise:<\/strong> 66% umidade, 15% prote\u00edna, 17% gordura, 0,3% fibra, 3,5% cinza, 1,17% c\u00e1lcio, 0,55% f\u00f3sforo, Ca:P: 2,13, Energia: 209 kcal\/100 g.<\/p>","protected":false},"excerpt":{"rendered":"<div class=\"row\">\n<p class=\"field\">100% Costas de frango, picadas a 8 mm.<\/p>\n<\/div>","protected":false},"featured_media":7133,"comment_status":"open","ping_status":"closed","template":"","meta":{"inline_featured_image":false},"product_cat":[134,96,105],"product_tag":[100,99],"class_list":{"0":"post-7132","1":"product","2":"type-product","3":"status-publish","4":"has-post-thumbnail","6":"product_cat-minced-chicken-backs","7":"product_cat-barf","8":"product_cat-chicken","9":"product_tag-1-kg","10":"product_tag-pet-food","11":"product_brand-kb-raw","13":"first","14":"instock","15":"taxable","16":"shipping-taxable","17":"purchasable","18":"product-type-simple"},"_links":{"self":[{"href":"https:\/\/petplay.pt\/pt\/wp-json\/wp\/v2\/product\/7132","targetHints":{"allow":["GET"]}}],"collection":[{"href":"https:\/\/petplay.pt\/pt\/wp-json\/wp\/v2\/product"}],"about":[{"href":"https:\/\/petplay.pt\/pt\/wp-json\/wp\/v2\/types\/product"}],"replies":[{"embeddable":true,"href":"https:\/\/petplay.pt\/pt\/wp-json\/wp\/v2\/comments?post=7132"}],"version-history":[{"count":1,"href":"https:\/\/petplay.pt\/pt\/wp-json\/wp\/v2\/product\/7132\/revisions"}],"predecessor-version":[{"id":7135,"href":"https:\/\/petplay.pt\/pt\/wp-json\/wp\/v2\/product\/7132\/revisions\/7135"}],"wp:featuredmedia":[{"embeddable":true,"href":"https:\/\/petplay.pt\/pt\/wp-json\/wp\/v2\/media\/7133"}],"wp:attachment":[{"href":"https:\/\/petplay.pt\/pt\/wp-json\/wp\/v2\/media?parent=7132"}],"wp:term":[{"taxonomy":"product_cat","embeddable":true,"href":"https:\/\/petplay.pt\/pt\/wp-json\/wp\/v2\/product_cat?post=7132"},{"taxonomy":"product_tag","embeddable":true,"href":"https:\/\/petplay.pt\/pt\/wp-json\/wp\/v2\/product_tag?post=7132"}],"curies":[{"name":"wp","href":"https:\/\/api.w.org\/{rel}","templated":true}]}}