{"id":7128,"date":"2024-09-19T11:27:17","date_gmt":"2024-09-19T11:27:17","guid":{"rendered":"https:\/\/petplay.pt\/?post_type=product&#038;p=7128"},"modified":"2024-09-19T11:35:42","modified_gmt":"2024-09-19T11:35:42","slug":"kb-barf-minced-chicken-necks-1kg","status":"publish","type":"product","link":"https:\/\/petplay.pt\/pt\/shop\/barf\/kb-barf-minced-chicken-necks-1kg\/","title":{"rendered":"KB BARF \u2013 Pesco\u00e7o de Frango Picado 1kg"},"content":{"rendered":"<p><strong>Peso:<\/strong> 1 kg.<br \/>\n<strong>Ingredientes:<\/strong> 100% pesco\u00e7os de frango.<br \/>\n<strong>Propor\u00e7\u00f5es:<\/strong> Carne: 60%, Ossos: 40%, \u00d3rg\u00e3os: 0%, Extra: 0%.<br \/>\n<strong>An\u00e1lise:<\/strong> 73% umidade, 15% prote\u00edna, 7% gordura, 2% fibra, 3,8% cinzas, 1,40% c\u00e1lcio, 0,60% f\u00f3sforo, Ca:P: 2,33, Energia: 119 kcal\/100 g.<\/p>","protected":false},"excerpt":{"rendered":"<div class=\"row\">\n<p class=\"field\">100% Pesco\u00e7os de frango, picados a 8 mm.<\/p>\n<\/div>","protected":false},"featured_media":7129,"comment_status":"open","ping_status":"closed","template":"","meta":{"inline_featured_image":false},"product_cat":[133,96,105],"product_tag":[100,99],"class_list":{"0":"post-7128","1":"product","2":"type-product","3":"status-publish","4":"has-post-thumbnail","6":"product_cat-minced-chicken-necks","7":"product_cat-barf","8":"product_cat-chicken","9":"product_tag-1-kg","10":"product_tag-pet-food","11":"product_brand-kb-raw","13":"first","14":"instock","15":"taxable","16":"shipping-taxable","17":"purchasable","18":"product-type-simple"},"_links":{"self":[{"href":"https:\/\/petplay.pt\/pt\/wp-json\/wp\/v2\/product\/7128","targetHints":{"allow":["GET"]}}],"collection":[{"href":"https:\/\/petplay.pt\/pt\/wp-json\/wp\/v2\/product"}],"about":[{"href":"https:\/\/petplay.pt\/pt\/wp-json\/wp\/v2\/types\/product"}],"replies":[{"embeddable":true,"href":"https:\/\/petplay.pt\/pt\/wp-json\/wp\/v2\/comments?post=7128"}],"version-history":[{"count":1,"href":"https:\/\/petplay.pt\/pt\/wp-json\/wp\/v2\/product\/7128\/revisions"}],"predecessor-version":[{"id":7131,"href":"https:\/\/petplay.pt\/pt\/wp-json\/wp\/v2\/product\/7128\/revisions\/7131"}],"wp:featuredmedia":[{"embeddable":true,"href":"https:\/\/petplay.pt\/pt\/wp-json\/wp\/v2\/media\/7129"}],"wp:attachment":[{"href":"https:\/\/petplay.pt\/pt\/wp-json\/wp\/v2\/media?parent=7128"}],"wp:term":[{"taxonomy":"product_cat","embeddable":true,"href":"https:\/\/petplay.pt\/pt\/wp-json\/wp\/v2\/product_cat?post=7128"},{"taxonomy":"product_tag","embeddable":true,"href":"https:\/\/petplay.pt\/pt\/wp-json\/wp\/v2\/product_tag?post=7128"}],"curies":[{"name":"wp","href":"https:\/\/api.w.org\/{rel}","templated":true}]}}