{"id":7123,"date":"2024-09-19T11:23:08","date_gmt":"2024-09-19T11:23:08","guid":{"rendered":"https:\/\/petplay.pt\/?post_type=product&#038;p=7123"},"modified":"2024-09-19T11:26:33","modified_gmt":"2024-09-19T11:26:33","slug":"kb-barf-minced-lamb-rumen-1kg","status":"publish","type":"product","link":"https:\/\/petplay.pt\/pt\/shop\/barf\/kb-barf-minced-lamb-rumen-1kg\/","title":{"rendered":"KB BARF \u2013 R\u00famen de Cordeiro Picado 1kg"},"content":{"rendered":"<p><strong>Peso:<\/strong> 1 kg.<br \/>\n<strong>Ingredientes:<\/strong> 100% R\u00famen de cordeiro.<br \/>\n<strong>Propor\u00e7\u00f5es:<\/strong> Carne: 0%, Ossos: 0%, \u00d3rg\u00e3os: 100%, Extra: 0%.<br \/>\n<strong>An\u00e1lise:<\/strong> 76% umidade, 15% prote\u00edna, 8% gorduras, 0,2% fibra, 1% cinzas, 0,02% c\u00e1lcio, 0,1% f\u00f3sforo, Ca:P: 0,2, Energia: 136 kcal\/100 g.<\/p>","protected":false},"excerpt":{"rendered":"<p>100% r\u00famen de cordeiro, picado a 8 mm. O r\u00famen \u00e9 enxaguado antes do processamento e, portanto, n\u00e3o cont\u00e9m conte\u00fado estomacal.<\/p>","protected":false},"featured_media":7125,"comment_status":"open","ping_status":"closed","template":"","meta":{"inline_featured_image":false},"product_cat":[132,96,118],"product_tag":[100,99],"class_list":{"0":"post-7123","1":"product","2":"type-product","3":"status-publish","4":"has-post-thumbnail","6":"product_cat-minced-lamb-rumen","7":"product_cat-barf","8":"product_cat-lamb","9":"product_tag-1-kg","10":"product_tag-pet-food","11":"product_brand-kb-raw","13":"first","14":"instock","15":"taxable","16":"shipping-taxable","17":"purchasable","18":"product-type-simple"},"_links":{"self":[{"href":"https:\/\/petplay.pt\/pt\/wp-json\/wp\/v2\/product\/7123","targetHints":{"allow":["GET"]}}],"collection":[{"href":"https:\/\/petplay.pt\/pt\/wp-json\/wp\/v2\/product"}],"about":[{"href":"https:\/\/petplay.pt\/pt\/wp-json\/wp\/v2\/types\/product"}],"replies":[{"embeddable":true,"href":"https:\/\/petplay.pt\/pt\/wp-json\/wp\/v2\/comments?post=7123"}],"version-history":[{"count":1,"href":"https:\/\/petplay.pt\/pt\/wp-json\/wp\/v2\/product\/7123\/revisions"}],"predecessor-version":[{"id":7127,"href":"https:\/\/petplay.pt\/pt\/wp-json\/wp\/v2\/product\/7123\/revisions\/7127"}],"wp:featuredmedia":[{"embeddable":true,"href":"https:\/\/petplay.pt\/pt\/wp-json\/wp\/v2\/media\/7125"}],"wp:attachment":[{"href":"https:\/\/petplay.pt\/pt\/wp-json\/wp\/v2\/media?parent=7123"}],"wp:term":[{"taxonomy":"product_cat","embeddable":true,"href":"https:\/\/petplay.pt\/pt\/wp-json\/wp\/v2\/product_cat?post=7123"},{"taxonomy":"product_tag","embeddable":true,"href":"https:\/\/petplay.pt\/pt\/wp-json\/wp\/v2\/product_tag?post=7123"}],"curies":[{"name":"wp","href":"https:\/\/api.w.org\/{rel}","templated":true}]}}