{"id":7119,"date":"2024-09-19T11:17:57","date_gmt":"2024-09-19T11:17:57","guid":{"rendered":"https:\/\/petplay.pt\/?post_type=product&#038;p=7119"},"modified":"2024-09-19T11:22:19","modified_gmt":"2024-09-19T11:22:19","slug":"kb-barf-minced-cow-heart-1kg","status":"publish","type":"product","link":"https:\/\/petplay.pt\/pt\/shop\/barf\/kb-barf-minced-cow-heart-1kg\/","title":{"rendered":"KB BARF \u2013 Cora\u00e7\u00e3o de Vaca Picado 1kg"},"content":{"rendered":"<p><strong>Peso:<\/strong> 1 kg.<br \/>\n<strong>Ingredientes:<\/strong> 100% Cora\u00e7\u00e3o de vaca.<br \/>\n<strong>Propor\u00e7\u00f5es:<\/strong> Carne: 0%, Ossos: 0%, \u00d3rg\u00e3os: 100%, Extra: 0%.<br \/>\n<strong>An\u00e1lise:<\/strong> 68% umidade, 17% prote\u00edna, 16% gorduras, 0% fibra, 1% cinzas, 0% c\u00e1lcio, 0% f\u00f3sforo, Ca:P: 0, Energia: 208 kcal\/100 g.<\/p>","protected":false},"excerpt":{"rendered":"<p>Cora\u00e7\u00e3o de vaca 100%, picado a 8 mm. O cora\u00e7\u00e3o geralmente tem um alto perfil de amino\u00e1cidos e cont\u00e9m quantidades consider\u00e1veis de taurina, entre outras coisas.<\/p>","protected":false},"featured_media":7120,"comment_status":"open","ping_status":"closed","template":"","meta":{"inline_featured_image":false},"product_cat":[131,96,104],"product_tag":[100,99],"class_list":{"0":"post-7119","1":"product","2":"type-product","3":"status-publish","4":"has-post-thumbnail","6":"product_cat-minced-cow-heart","7":"product_cat-barf","8":"product_cat-beef","9":"product_tag-1-kg","10":"product_tag-pet-food","11":"product_brand-kb-raw","13":"first","14":"instock","15":"taxable","16":"shipping-taxable","17":"purchasable","18":"product-type-simple"},"_links":{"self":[{"href":"https:\/\/petplay.pt\/pt\/wp-json\/wp\/v2\/product\/7119","targetHints":{"allow":["GET"]}}],"collection":[{"href":"https:\/\/petplay.pt\/pt\/wp-json\/wp\/v2\/product"}],"about":[{"href":"https:\/\/petplay.pt\/pt\/wp-json\/wp\/v2\/types\/product"}],"replies":[{"embeddable":true,"href":"https:\/\/petplay.pt\/pt\/wp-json\/wp\/v2\/comments?post=7119"}],"version-history":[{"count":1,"href":"https:\/\/petplay.pt\/pt\/wp-json\/wp\/v2\/product\/7119\/revisions"}],"predecessor-version":[{"id":7122,"href":"https:\/\/petplay.pt\/pt\/wp-json\/wp\/v2\/product\/7119\/revisions\/7122"}],"wp:featuredmedia":[{"embeddable":true,"href":"https:\/\/petplay.pt\/pt\/wp-json\/wp\/v2\/media\/7120"}],"wp:attachment":[{"href":"https:\/\/petplay.pt\/pt\/wp-json\/wp\/v2\/media?parent=7119"}],"wp:term":[{"taxonomy":"product_cat","embeddable":true,"href":"https:\/\/petplay.pt\/pt\/wp-json\/wp\/v2\/product_cat?post=7119"},{"taxonomy":"product_tag","embeddable":true,"href":"https:\/\/petplay.pt\/pt\/wp-json\/wp\/v2\/product_tag?post=7119"}],"curies":[{"name":"wp","href":"https:\/\/api.w.org\/{rel}","templated":true}]}}