{"id":7109,"date":"2024-09-18T14:52:16","date_gmt":"2024-09-18T14:52:16","guid":{"rendered":"https:\/\/petplay.pt\/?post_type=product&#038;p=7109"},"modified":"2024-09-18T14:56:08","modified_gmt":"2024-09-18T14:56:08","slug":"kb-barf-minced-omasum-1kg","status":"publish","type":"product","link":"https:\/\/petplay.pt\/pt\/shop\/barf\/kb-barf-minced-omasum-1kg\/","title":{"rendered":"KB BARF \u2013 Omaso picado 1kg"},"content":{"rendered":"<p><strong>Peso:<\/strong> 1 kg.<br \/>\n<strong>Ingredientes:<\/strong> 100% Omaso de vaca.<br \/>\n<strong>Propor\u00e7\u00f5es:<\/strong> Carne: 0%, Ossos: 0%, \u00d3rg\u00e3os: 100%, Extra: 0%.<br \/>\n<strong>An\u00e1lise:<\/strong> 75% umidade, 15% prote\u00edna, 10% gordura, 1% fibra, 1% cinza, 0% c\u00e1lcio, 0% f\u00f3sforo, Ca:P: 0,3, Energia: 151 kcal\/100 g.<\/p>","protected":false},"excerpt":{"rendered":"<p>100% Omaso de vaca, o omaso \u00e9 lavado antes do processamento e, portanto, n\u00e3o cont\u00e9m mais conte\u00fado estomacal.<\/p>","protected":false},"featured_media":7111,"comment_status":"open","ping_status":"closed","template":"","meta":{"inline_featured_image":false},"product_cat":[130,96,104],"product_tag":[100,99],"class_list":{"0":"post-7109","1":"product","2":"type-product","3":"status-publish","4":"has-post-thumbnail","6":"product_cat-minced-omasum","7":"product_cat-barf","8":"product_cat-beef","9":"product_tag-1-kg","10":"product_tag-pet-food","11":"product_brand-kb-raw","13":"first","14":"instock","15":"taxable","16":"shipping-taxable","17":"purchasable","18":"product-type-simple"},"_links":{"self":[{"href":"https:\/\/petplay.pt\/pt\/wp-json\/wp\/v2\/product\/7109","targetHints":{"allow":["GET"]}}],"collection":[{"href":"https:\/\/petplay.pt\/pt\/wp-json\/wp\/v2\/product"}],"about":[{"href":"https:\/\/petplay.pt\/pt\/wp-json\/wp\/v2\/types\/product"}],"replies":[{"embeddable":true,"href":"https:\/\/petplay.pt\/pt\/wp-json\/wp\/v2\/comments?post=7109"}],"version-history":[{"count":1,"href":"https:\/\/petplay.pt\/pt\/wp-json\/wp\/v2\/product\/7109\/revisions"}],"predecessor-version":[{"id":7110,"href":"https:\/\/petplay.pt\/pt\/wp-json\/wp\/v2\/product\/7109\/revisions\/7110"}],"wp:featuredmedia":[{"embeddable":true,"href":"https:\/\/petplay.pt\/pt\/wp-json\/wp\/v2\/media\/7111"}],"wp:attachment":[{"href":"https:\/\/petplay.pt\/pt\/wp-json\/wp\/v2\/media?parent=7109"}],"wp:term":[{"taxonomy":"product_cat","embeddable":true,"href":"https:\/\/petplay.pt\/pt\/wp-json\/wp\/v2\/product_cat?post=7109"},{"taxonomy":"product_tag","embeddable":true,"href":"https:\/\/petplay.pt\/pt\/wp-json\/wp\/v2\/product_tag?post=7109"}],"curies":[{"name":"wp","href":"https:\/\/api.w.org\/{rel}","templated":true}]}}