{"id":7103,"date":"2024-09-18T14:46:55","date_gmt":"2024-09-18T14:46:55","guid":{"rendered":"https:\/\/petplay.pt\/?post_type=product&#038;p=7103"},"modified":"2024-09-18T14:50:59","modified_gmt":"2024-09-18T14:50:59","slug":"kb-barf-minced-cow-rumen-1kg","status":"publish","type":"product","link":"https:\/\/petplay.pt\/pt\/shop\/barf\/kb-barf-minced-cow-rumen-1kg\/","title":{"rendered":"KB BARF \u2013 R\u00famen de vaca picado 1kg"},"content":{"rendered":"<p><strong>Peso:<\/strong> 1 kg.<br \/>\n<strong>Ingredientes:<\/strong> 100% R\u00famen de vaca.<br \/>\n<strong>Propor\u00e7\u00f5es:<\/strong> Carne: 0%, Ossos: 0%, \u00d3rg\u00e3os: 100%, Extra: 0%.<br \/>\n<strong>An\u00e1lise:<\/strong> 75% umidade, 15% prote\u00edna, 10% gordura, 0% fibra, 1% cinza, 0,14% c\u00e1lcio, 0,14% f\u00f3sforo, Ca:P: 1, Energia: 202 kcal\/100 g.<\/p>","protected":false},"excerpt":{"rendered":"<p>100% r\u00famen bovino, picado a 8 mm. O r\u00famen \u00e9 enxaguado, mas n\u00e3o branqueado. Portanto, o conte\u00fado do r\u00famen \u00e9 removido, mas o r\u00famen n\u00e3o fica \u201climpo\u201d.<\/p>","protected":false},"featured_media":7107,"comment_status":"open","ping_status":"closed","template":"","meta":{"inline_featured_image":false},"product_cat":[96,104,129],"product_tag":[100,99],"class_list":{"0":"post-7103","1":"product","2":"type-product","3":"status-publish","4":"has-post-thumbnail","6":"product_cat-barf","7":"product_cat-beef","8":"product_cat-minced-cow-rumen","9":"product_tag-1-kg","10":"product_tag-pet-food","11":"product_brand-kb-raw","13":"first","14":"instock","15":"taxable","16":"shipping-taxable","17":"purchasable","18":"product-type-simple"},"_links":{"self":[{"href":"https:\/\/petplay.pt\/pt\/wp-json\/wp\/v2\/product\/7103","targetHints":{"allow":["GET"]}}],"collection":[{"href":"https:\/\/petplay.pt\/pt\/wp-json\/wp\/v2\/product"}],"about":[{"href":"https:\/\/petplay.pt\/pt\/wp-json\/wp\/v2\/types\/product"}],"replies":[{"embeddable":true,"href":"https:\/\/petplay.pt\/pt\/wp-json\/wp\/v2\/comments?post=7103"}],"version-history":[{"count":3,"href":"https:\/\/petplay.pt\/pt\/wp-json\/wp\/v2\/product\/7103\/revisions"}],"predecessor-version":[{"id":7106,"href":"https:\/\/petplay.pt\/pt\/wp-json\/wp\/v2\/product\/7103\/revisions\/7106"}],"wp:featuredmedia":[{"embeddable":true,"href":"https:\/\/petplay.pt\/pt\/wp-json\/wp\/v2\/media\/7107"}],"wp:attachment":[{"href":"https:\/\/petplay.pt\/pt\/wp-json\/wp\/v2\/media?parent=7103"}],"wp:term":[{"taxonomy":"product_cat","embeddable":true,"href":"https:\/\/petplay.pt\/pt\/wp-json\/wp\/v2\/product_cat?post=7103"},{"taxonomy":"product_tag","embeddable":true,"href":"https:\/\/petplay.pt\/pt\/wp-json\/wp\/v2\/product_tag?post=7103"}],"curies":[{"name":"wp","href":"https:\/\/api.w.org\/{rel}","templated":true}]}}