{"id":7097,"date":"2024-09-18T14:40:01","date_gmt":"2024-09-18T14:40:01","guid":{"rendered":"https:\/\/petplay.pt\/?post_type=product&#038;p=7097"},"modified":"2024-09-18T14:44:00","modified_gmt":"2024-09-18T14:44:00","slug":"kb-barf-minced-deer-meat-1kg","status":"publish","type":"product","link":"https:\/\/petplay.pt\/pt\/shop\/barf\/kb-barf-minced-deer-meat-1kg\/","title":{"rendered":"KB BARF \u2013 Carne de Veado Mo\u00edda 1kg"},"content":{"rendered":"<p><strong>Peso:<\/strong> 1 kg.<br \/>\n<strong>Ingredientes:<\/strong> 100% Hertenvlees.<br \/>\n<strong>Propor\u00e7\u00f5es:<\/strong> Carne: 100%, Ossos: 0%, \u00d3rg\u00e3os: 0%, Extra: 0%.<br \/>\n<strong>An\u00e1lise:<\/strong> 57% umidade, 17% prote\u00edna, 14% gordura, 0% fibra, 3% cinza, 0,03% c\u00e1lcio, 0,59% f\u00f3sforo, Ca:P: 1,7, Energia: 190 kcal\/100 g.<\/p>","protected":false},"excerpt":{"rendered":"<p>100% carne de veado pura, mo\u00edda em peda\u00e7os de 8 mm. A composi\u00e7\u00e3o da carne derivada de animais selvagens \u00e9 compar\u00e1vel \u00e0 da carne vermelha. No entanto, a carne selvagem cont\u00e9m mais \u00e1cidos graxos \u00f4mega-3 (EPA e DHA), vitamina B12 e ferro do que a carne vermelha.<\/p>","protected":false},"featured_media":7099,"comment_status":"open","ping_status":"closed","template":"","meta":{"inline_featured_image":false},"product_cat":[96,127],"product_tag":[100,99],"class_list":{"0":"post-7097","1":"product","2":"type-product","3":"status-publish","4":"has-post-thumbnail","6":"product_cat-barf","7":"product_cat-minced-deer-meat","8":"product_tag-1-kg","9":"product_tag-pet-food","10":"product_brand-kb-raw","12":"first","13":"instock","14":"taxable","15":"shipping-taxable","16":"purchasable","17":"product-type-simple"},"_links":{"self":[{"href":"https:\/\/petplay.pt\/pt\/wp-json\/wp\/v2\/product\/7097","targetHints":{"allow":["GET"]}}],"collection":[{"href":"https:\/\/petplay.pt\/pt\/wp-json\/wp\/v2\/product"}],"about":[{"href":"https:\/\/petplay.pt\/pt\/wp-json\/wp\/v2\/types\/product"}],"replies":[{"embeddable":true,"href":"https:\/\/petplay.pt\/pt\/wp-json\/wp\/v2\/comments?post=7097"}],"version-history":[{"count":1,"href":"https:\/\/petplay.pt\/pt\/wp-json\/wp\/v2\/product\/7097\/revisions"}],"predecessor-version":[{"id":7098,"href":"https:\/\/petplay.pt\/pt\/wp-json\/wp\/v2\/product\/7097\/revisions\/7098"}],"wp:featuredmedia":[{"embeddable":true,"href":"https:\/\/petplay.pt\/pt\/wp-json\/wp\/v2\/media\/7099"}],"wp:attachment":[{"href":"https:\/\/petplay.pt\/pt\/wp-json\/wp\/v2\/media?parent=7097"}],"wp:term":[{"taxonomy":"product_cat","embeddable":true,"href":"https:\/\/petplay.pt\/pt\/wp-json\/wp\/v2\/product_cat?post=7097"},{"taxonomy":"product_tag","embeddable":true,"href":"https:\/\/petplay.pt\/pt\/wp-json\/wp\/v2\/product_tag?post=7097"}],"curies":[{"name":"wp","href":"https:\/\/api.w.org\/{rel}","templated":true}]}}