{"id":7093,"date":"2024-09-18T14:32:21","date_gmt":"2024-09-18T14:32:21","guid":{"rendered":"https:\/\/petplay.pt\/?post_type=product&#038;p=7093"},"modified":"2024-09-18T14:38:29","modified_gmt":"2024-09-18T14:38:29","slug":"kb-barf-minced-horse-meat-1kg","status":"publish","type":"product","link":"https:\/\/petplay.pt\/pt\/shop\/barf\/kb-barf-minced-horse-meat-1kg\/","title":{"rendered":"KB BARF \u2013 Carne de Cavalo Mo\u00edda 1kg"},"content":{"rendered":"<p><strong>Peso:<\/strong> 1 kg.<br \/>\n<strong>Ingredientes:<\/strong> 100% Paardenvlees.<br \/>\n<strong>Propor\u00e7\u00f5es:<\/strong> Carne: 100%, Ossos: 0%, \u00d3rg\u00e3os: 0%, Extra: 0%.<br \/>\n<strong>An\u00e1lise:<\/strong> 68% umidade, 22% prote\u00edna, 9% gordura, 0% fibra, 0,8% cinza, 0,01% c\u00e1lcio, 0,19% f\u00f3sforo, Ca:P: 0,03, Energia: 166 kcal\/100 g.<\/p>","protected":false},"excerpt":{"rendered":"<p>100% carne de cavalo pura. A carne de cavalo est\u00e1 na categoria \u201ccarne vermelha\u201d. A carne vermelha geralmente cont\u00e9m mais ferro, pot\u00e1ssio e vitamina B12 do que outras fontes de prote\u00edna.<\/p>","protected":false},"featured_media":7095,"comment_status":"open","ping_status":"closed","template":"","meta":{"inline_featured_image":false},"product_cat":[96,126],"product_tag":[100,99],"class_list":{"0":"post-7093","1":"product","2":"type-product","3":"status-publish","4":"has-post-thumbnail","6":"product_cat-barf","7":"product_cat-minced-horse-meat","8":"product_tag-1-kg","9":"product_tag-pet-food","10":"product_brand-kb-raw","12":"first","13":"instock","14":"taxable","15":"shipping-taxable","16":"purchasable","17":"product-type-simple"},"_links":{"self":[{"href":"https:\/\/petplay.pt\/pt\/wp-json\/wp\/v2\/product\/7093","targetHints":{"allow":["GET"]}}],"collection":[{"href":"https:\/\/petplay.pt\/pt\/wp-json\/wp\/v2\/product"}],"about":[{"href":"https:\/\/petplay.pt\/pt\/wp-json\/wp\/v2\/types\/product"}],"replies":[{"embeddable":true,"href":"https:\/\/petplay.pt\/pt\/wp-json\/wp\/v2\/comments?post=7093"}],"version-history":[{"count":1,"href":"https:\/\/petplay.pt\/pt\/wp-json\/wp\/v2\/product\/7093\/revisions"}],"predecessor-version":[{"id":7094,"href":"https:\/\/petplay.pt\/pt\/wp-json\/wp\/v2\/product\/7093\/revisions\/7094"}],"wp:featuredmedia":[{"embeddable":true,"href":"https:\/\/petplay.pt\/pt\/wp-json\/wp\/v2\/media\/7095"}],"wp:attachment":[{"href":"https:\/\/petplay.pt\/pt\/wp-json\/wp\/v2\/media?parent=7093"}],"wp:term":[{"taxonomy":"product_cat","embeddable":true,"href":"https:\/\/petplay.pt\/pt\/wp-json\/wp\/v2\/product_cat?post=7093"},{"taxonomy":"product_tag","embeddable":true,"href":"https:\/\/petplay.pt\/pt\/wp-json\/wp\/v2\/product_tag?post=7093"}],"curies":[{"name":"wp","href":"https:\/\/api.w.org\/{rel}","templated":true}]}}