{"id":7089,"date":"2024-09-18T14:20:19","date_gmt":"2024-09-18T14:20:19","guid":{"rendered":"https:\/\/petplay.pt\/?post_type=product&#038;p=7089"},"modified":"2024-09-18T14:26:03","modified_gmt":"2024-09-18T14:26:03","slug":"kb-barf-minced-beef-1kg","status":"publish","type":"product","link":"https:\/\/petplay.pt\/pt\/shop\/barf\/kb-barf-minced-beef-1kg\/","title":{"rendered":"KB BARF \u2013 Carne mo\u00edda 1kg"},"content":{"rendered":"<p><strong>Peso:<\/strong> 1 kg.<br \/>\n<strong>Ingredientes:<\/strong> 100% Carne bovina.<br \/>\n<strong>Propor\u00e7\u00f5es:<\/strong> Carne: 100%, Ossos: 0%, \u00d3rg\u00e3os: 0%, Extra: 0%.<br \/>\n<strong>An\u00e1lise:<\/strong> 72% umidade, 19% prote\u00edna, 8% gordura, 0% fibra, 1% cinza, 0,02% c\u00e1lcio, 0,15% f\u00f3sforo, Ca:P: 0,11, Energia: 145 kcal\/100 g.<\/p>","protected":false},"excerpt":{"rendered":"<p>KB BARF Minced Beef \u00e9 carne bovina pura 100%, mo\u00edda a 8 mm. A carne bovina est\u00e1 na categoria \u201ccarne vermelha\u201d. A carne vermelha geralmente cont\u00e9m mais ferro, pot\u00e1ssio e vitamina B12 do que outras fontes de prote\u00edna.<\/p>","protected":false},"featured_media":7091,"comment_status":"open","ping_status":"closed","template":"","meta":{"inline_featured_image":false},"product_cat":[96,104,125],"product_tag":[100,99],"class_list":{"0":"post-7089","1":"product","2":"type-product","3":"status-publish","4":"has-post-thumbnail","6":"product_cat-barf","7":"product_cat-beef","8":"product_cat-minced-beef","9":"product_tag-1-kg","10":"product_tag-pet-food","11":"product_brand-kb-raw","13":"first","14":"instock","15":"taxable","16":"shipping-taxable","17":"purchasable","18":"product-type-simple"},"_links":{"self":[{"href":"https:\/\/petplay.pt\/pt\/wp-json\/wp\/v2\/product\/7089","targetHints":{"allow":["GET"]}}],"collection":[{"href":"https:\/\/petplay.pt\/pt\/wp-json\/wp\/v2\/product"}],"about":[{"href":"https:\/\/petplay.pt\/pt\/wp-json\/wp\/v2\/types\/product"}],"replies":[{"embeddable":true,"href":"https:\/\/petplay.pt\/pt\/wp-json\/wp\/v2\/comments?post=7089"}],"version-history":[{"count":1,"href":"https:\/\/petplay.pt\/pt\/wp-json\/wp\/v2\/product\/7089\/revisions"}],"predecessor-version":[{"id":7090,"href":"https:\/\/petplay.pt\/pt\/wp-json\/wp\/v2\/product\/7089\/revisions\/7090"}],"wp:featuredmedia":[{"embeddable":true,"href":"https:\/\/petplay.pt\/pt\/wp-json\/wp\/v2\/media\/7091"}],"wp:attachment":[{"href":"https:\/\/petplay.pt\/pt\/wp-json\/wp\/v2\/media?parent=7089"}],"wp:term":[{"taxonomy":"product_cat","embeddable":true,"href":"https:\/\/petplay.pt\/pt\/wp-json\/wp\/v2\/product_cat?post=7089"},{"taxonomy":"product_tag","embeddable":true,"href":"https:\/\/petplay.pt\/pt\/wp-json\/wp\/v2\/product_tag?post=7089"}],"curies":[{"name":"wp","href":"https:\/\/api.w.org\/{rel}","templated":true}]}}