{"id":7083,"date":"2024-09-18T12:13:20","date_gmt":"2024-09-18T12:13:20","guid":{"rendered":"https:\/\/petplay.pt\/?post_type=product&#038;p=7083"},"modified":"2024-09-18T12:16:22","modified_gmt":"2024-09-18T12:16:22","slug":"kb-complete-multi-mix-1kg","status":"publish","type":"product","link":"https:\/\/petplay.pt\/pt\/shop\/complete\/kb-complete-multi-mix-1kg\/","title":{"rendered":"KB Completo \u2013 Multi Mix 1kg"},"content":{"rendered":"<p><strong>Peso:<\/strong> 1 kg.<br \/>\n<strong>Ingredientes:<\/strong> 40% Costela de frango, 10% carne de vaca, 10% cora\u00e7\u00e3o de boi, 10% tripa de cordeiro, 10% cavala, 5% f\u00edgado de cavalo, 5% costelas carnudas de cordeiro, 9% inseto (BSF) Adicionado por kg: Vit. A: 3.000 UI, Vit.D3: 300 UI, Vit. E: 100 mg, Vit. C: 30 mg, E1 Ferro: 20 mg, E5 Mangan\u00eas: 5 mg, E4 Cobre: 4 mg, E6 Zinco: 20 mg, Iodato de c\u00e1lcio anidro: 0,70 mg, E8 Selenito de s\u00f3dio: 0,08 mg, Taurina: 500 mg.<br \/>\n<strong>Propor\u00e7\u00f5es:<\/strong> Carne: 59%, Osso: 18%, \u00d3rg\u00e3os: 22%, Extra: 1%.<br \/>\n<strong>An\u00e1lise:<\/strong> 65% umidade, 16% prote\u00edna, 13% gordura, 0,5% fibra, 3,2% cinzas, 0,71% c\u00e1lcio, 0,51% f\u00f3sforo, Ca:P: 1,40, Energia: 182 kcal\/100 g.<\/p>","protected":false},"excerpt":{"rendered":"<p>\u00c0s vezes voc\u00ea acha complicado ter variedade suficiente no card\u00e1pio do seu animal? KB Complete Multi Mix cont\u00e9m 7 fontes de prote\u00edna diferentes. Isso significa que voc\u00ea pode facilmente alimentar um card\u00e1pio equilibrado e variado. Esta variante \u00e9 completa devido \u00e0 adi\u00e7\u00e3o de vitaminas, minerais e \u00f3leo de salm\u00e3o. A varia\u00e7\u00e3o, portanto, n\u00e3o \u00e9 necess\u00e1ria, mas \u00e9 claro que \u00e9 permitida.<\/p>","protected":false},"featured_media":7085,"comment_status":"open","ping_status":"closed","template":"","meta":{"inline_featured_image":false},"product_cat":[95,123],"product_tag":[100,99],"class_list":{"0":"post-7083","1":"product","2":"type-product","3":"status-publish","4":"has-post-thumbnail","6":"product_cat-complete","7":"product_cat-multi-mix","8":"product_tag-1-kg","9":"product_tag-pet-food","10":"product_brand-kb-raw","12":"first","13":"instock","14":"taxable","15":"shipping-taxable","16":"purchasable","17":"product-type-simple"},"_links":{"self":[{"href":"https:\/\/petplay.pt\/pt\/wp-json\/wp\/v2\/product\/7083","targetHints":{"allow":["GET"]}}],"collection":[{"href":"https:\/\/petplay.pt\/pt\/wp-json\/wp\/v2\/product"}],"about":[{"href":"https:\/\/petplay.pt\/pt\/wp-json\/wp\/v2\/types\/product"}],"replies":[{"embeddable":true,"href":"https:\/\/petplay.pt\/pt\/wp-json\/wp\/v2\/comments?post=7083"}],"version-history":[{"count":1,"href":"https:\/\/petplay.pt\/pt\/wp-json\/wp\/v2\/product\/7083\/revisions"}],"predecessor-version":[{"id":7084,"href":"https:\/\/petplay.pt\/pt\/wp-json\/wp\/v2\/product\/7083\/revisions\/7084"}],"wp:featuredmedia":[{"embeddable":true,"href":"https:\/\/petplay.pt\/pt\/wp-json\/wp\/v2\/media\/7085"}],"wp:attachment":[{"href":"https:\/\/petplay.pt\/pt\/wp-json\/wp\/v2\/media?parent=7083"}],"wp:term":[{"taxonomy":"product_cat","embeddable":true,"href":"https:\/\/petplay.pt\/pt\/wp-json\/wp\/v2\/product_cat?post=7083"},{"taxonomy":"product_tag","embeddable":true,"href":"https:\/\/petplay.pt\/pt\/wp-json\/wp\/v2\/product_tag?post=7083"}],"curies":[{"name":"wp","href":"https:\/\/api.w.org\/{rel}","templated":true}]}}