{"id":7077,"date":"2024-09-18T12:08:48","date_gmt":"2024-09-18T12:08:48","guid":{"rendered":"https:\/\/petplay.pt\/?post_type=product&#038;p=7077"},"modified":"2024-09-18T12:12:30","modified_gmt":"2024-09-18T12:12:30","slug":"kb-complete-poultry-1kg","status":"publish","type":"product","link":"https:\/\/petplay.pt\/pt\/shop\/complete\/kb-complete-poultry-1kg\/","title":{"rendered":"KB Complete \u2013 Aves 1kg"},"content":{"rendered":"<p><strong>Peso:<\/strong> 1 kg.<br \/>\n<strong>Ingredientes:<\/strong> 38% Frango: 28% dorso, 10% est\u00f4mago, 35% peru: 20% cora\u00e7\u00e3o, 15% carne, 15% dorso de pato, 10% corpo de codorna, 1% \u00f3leo de salm\u00e3o Adicionado por kg: Vit. A: 3.000 UI, Vit.D3: 300 UI, Vit. E: 100 mg, Vit. C: 30 mg, E1 Ferro: 20 mg, E5 Mangan\u00eas: 5 mg, E4 Cobre: 4 mg, E6 Zinco: 20 mg, Iodato de c\u00e1lcio anidro: 0,70 mg, E8 Selenito de s\u00f3dio: 0,08 mg, Taurina: 500 mg.<br \/>\n<strong>Propor\u00e7\u00f5es:<\/strong> Carne: 50%, Osso: 18%, \u00d3rg\u00e3o: 30%, Extra: 2%.<br \/>\n<strong>An\u00e1lise:<\/strong> 67% umidade, 16% prote\u00edna, 14% gordura, 0,2% fibra, 2,7% cinzas, 0,75% c\u00e1lcio, 0,46% f\u00f3sforo, Ca:P: 1,62, Energia: 186 kcal\/100 g.<\/p>","protected":false},"excerpt":{"rendered":"<p>Este produto cont\u00e9m quatro esp\u00e9cies diferentes de aves. Uma maneira conveniente de oferecer um menu variado para c\u00e3es e gatos que amam aves. Esta variante \u00e9 completa devido \u00e0 adi\u00e7\u00e3o de vitaminas, minerais e \u00f3leo de salm\u00e3o.<\/p>","protected":false},"featured_media":7081,"comment_status":"open","ping_status":"closed","template":"","meta":{"inline_featured_image":false},"product_cat":[95,122],"product_tag":[100,99],"class_list":{"0":"post-7077","1":"product","2":"type-product","3":"status-publish","4":"has-post-thumbnail","6":"product_cat-complete","7":"product_cat-poultry","8":"product_tag-1-kg","9":"product_tag-pet-food","10":"product_brand-kb-raw","12":"first","13":"instock","14":"taxable","15":"shipping-taxable","16":"purchasable","17":"product-type-simple"},"_links":{"self":[{"href":"https:\/\/petplay.pt\/pt\/wp-json\/wp\/v2\/product\/7077","targetHints":{"allow":["GET"]}}],"collection":[{"href":"https:\/\/petplay.pt\/pt\/wp-json\/wp\/v2\/product"}],"about":[{"href":"https:\/\/petplay.pt\/pt\/wp-json\/wp\/v2\/types\/product"}],"replies":[{"embeddable":true,"href":"https:\/\/petplay.pt\/pt\/wp-json\/wp\/v2\/comments?post=7077"}],"version-history":[{"count":3,"href":"https:\/\/petplay.pt\/pt\/wp-json\/wp\/v2\/product\/7077\/revisions"}],"predecessor-version":[{"id":7080,"href":"https:\/\/petplay.pt\/pt\/wp-json\/wp\/v2\/product\/7077\/revisions\/7080"}],"wp:featuredmedia":[{"embeddable":true,"href":"https:\/\/petplay.pt\/pt\/wp-json\/wp\/v2\/media\/7081"}],"wp:attachment":[{"href":"https:\/\/petplay.pt\/pt\/wp-json\/wp\/v2\/media?parent=7077"}],"wp:term":[{"taxonomy":"product_cat","embeddable":true,"href":"https:\/\/petplay.pt\/pt\/wp-json\/wp\/v2\/product_cat?post=7077"},{"taxonomy":"product_tag","embeddable":true,"href":"https:\/\/petplay.pt\/pt\/wp-json\/wp\/v2\/product_tag?post=7077"}],"curies":[{"name":"wp","href":"https:\/\/api.w.org\/{rel}","templated":true}]}}