{"id":7073,"date":"2024-09-18T12:04:01","date_gmt":"2024-09-18T12:04:01","guid":{"rendered":"https:\/\/petplay.pt\/?post_type=product&#038;p=7073"},"modified":"2024-09-18T12:07:41","modified_gmt":"2024-09-18T12:07:41","slug":"kb-complete-horse-1kg","status":"publish","type":"product","link":"https:\/\/petplay.pt\/pt\/shop\/complete\/kb-complete-horse-1kg\/","title":{"rendered":"KB Complete \u2013 Cavalo 1kg"},"content":{"rendered":"<p><strong>Peso:<\/strong> 1 kg.<br \/>\n<strong>Ingredientes:<\/strong> 98% Cavalo: 63% carne, 20% costelas carnudas, 15% cora\u00e7\u00e3o, 1% \u00f3leo de salm\u00e3o Adicionado por kg: Vit. A: 3.000 UI, Vit.D3: 300 UI, Vit. E: 100 mg, Vit. C: 30 mg, E1 Ferro: 20 mg, E5 Mangan\u00eas: 5 mg, E4 Cobre: 4 mg, E6 Zinco: 20 mg, Iodato de c\u00e1lcio anidro: 0,70 mg, E8 Selenito de s\u00f3dio: 0,08 mg, Taurina: 500 mg.<br \/>\n<strong>Propor\u00e7\u00f5es:<\/strong> Carne: 73%, Osso: 10%, \u00d3rg\u00e3os: 15%, Extra: 2%.<br \/>\n<strong>An\u00e1lise:<\/strong> 67% umidade, 20% prote\u00edna, 10% gordura, 0,1% fibra, 1,2% cinza, 0,43% c\u00e1lcio, 0,22% f\u00f3sforo, Ca:P: 1,91, Energia: 169 kcal\/100 g.<\/p>","protected":false},"excerpt":{"rendered":"<p>Esta mistura balanceada cont\u00e9m carne muscular, carne de \u00f3rg\u00e3os e osso, suplementada com vitaminas, minerais e \u00f3leo de salm\u00e3o. Este produto cont\u00e9m cavalo como \u00fanica fonte de prote\u00edna. Ao adicionar vitaminas e minerais, esta mistura cont\u00e9m todos os nutrientes que gatos e c\u00e3es precisam. Portanto, voc\u00ea n\u00e3o precisa ter medo de nenhuma defici\u00eancia de nutrientes.<\/p>","protected":false},"featured_media":7075,"comment_status":"open","ping_status":"closed","template":"","meta":{"inline_featured_image":false},"product_cat":[95,116],"product_tag":[100,99],"class_list":{"0":"post-7073","1":"product","2":"type-product","3":"status-publish","4":"has-post-thumbnail","6":"product_cat-complete","7":"product_cat-horse","8":"product_tag-1-kg","9":"product_tag-pet-food","10":"product_brand-kb-raw","12":"first","13":"instock","14":"taxable","15":"shipping-taxable","16":"purchasable","17":"product-type-simple"},"_links":{"self":[{"href":"https:\/\/petplay.pt\/pt\/wp-json\/wp\/v2\/product\/7073","targetHints":{"allow":["GET"]}}],"collection":[{"href":"https:\/\/petplay.pt\/pt\/wp-json\/wp\/v2\/product"}],"about":[{"href":"https:\/\/petplay.pt\/pt\/wp-json\/wp\/v2\/types\/product"}],"replies":[{"embeddable":true,"href":"https:\/\/petplay.pt\/pt\/wp-json\/wp\/v2\/comments?post=7073"}],"version-history":[{"count":1,"href":"https:\/\/petplay.pt\/pt\/wp-json\/wp\/v2\/product\/7073\/revisions"}],"predecessor-version":[{"id":7074,"href":"https:\/\/petplay.pt\/pt\/wp-json\/wp\/v2\/product\/7073\/revisions\/7074"}],"wp:featuredmedia":[{"embeddable":true,"href":"https:\/\/petplay.pt\/pt\/wp-json\/wp\/v2\/media\/7075"}],"wp:attachment":[{"href":"https:\/\/petplay.pt\/pt\/wp-json\/wp\/v2\/media?parent=7073"}],"wp:term":[{"taxonomy":"product_cat","embeddable":true,"href":"https:\/\/petplay.pt\/pt\/wp-json\/wp\/v2\/product_cat?post=7073"},{"taxonomy":"product_tag","embeddable":true,"href":"https:\/\/petplay.pt\/pt\/wp-json\/wp\/v2\/product_tag?post=7073"}],"curies":[{"name":"wp","href":"https:\/\/api.w.org\/{rel}","templated":true}]}}