{"id":7067,"date":"2024-09-18T11:59:16","date_gmt":"2024-09-18T11:59:16","guid":{"rendered":"https:\/\/petplay.pt\/?post_type=product&#038;p=7067"},"modified":"2024-09-18T12:03:03","modified_gmt":"2024-09-18T12:03:03","slug":"kb-complete-duck-lamb-1kg","status":"publish","type":"product","link":"https:\/\/petplay.pt\/pt\/shop\/complete\/kb-complete-duck-lamb-1kg\/","title":{"rendered":"KB Complete \u2013 Pato-Cordeiro 1kg"},"content":{"rendered":"<p><strong>Peso:<\/strong> 1 kg.<br \/>\n<strong>Ingredientes:<\/strong> 68% Pato: 43% dorso, 15% cora\u00e7\u00e3o, 10% carne, 30% Cordeiro: 15% r\u00famen, 10% carne, 5% costelas carnudas, 1% \u00f3leo de salm\u00e3o Adicionado por kg: Vit. A: 3.000 UI, Vit.D3: 300 UI, Vit. E: 100 mg, Vit. C: 30 mg, E1 Ferro: 20 mg, E5 Mangan\u00eas: 5 mg, E4 Cobre: 4 mg, E6 Zinco: 20 mg, Iodato de c\u00e1lcio anidro: 0,70 mg, E8 Selenito de s\u00f3dio: 0,08 mg, Taurina: 500 mg.<br \/>\n<strong>Propor\u00e7\u00f5es:<\/strong> Carne: 51%, Osso: 17%, \u00d3rg\u00e3os: 30%, Extra: 2%.<br \/>\n<strong>An\u00e1lise:<\/strong> 66% umidade, 16% prote\u00edna, 14% gordura, 0,14% fibra, 3,5% cinzas, 0,82% c\u00e1lcio, 0,58% f\u00f3sforo, Ca:P: 1,42, Energia: 185 kcal\/100 g.<\/p>","protected":false},"excerpt":{"rendered":"<p>Esta mistura balanceada cont\u00e9m carne muscular, carne de \u00f3rg\u00e3os e ossos, suplementada com vitaminas, minerais e \u00f3leo de salm\u00e3o. Ao adicionar vitaminas e minerais, esta mistura cont\u00e9m todos os nutrientes que gatos e c\u00e3es precisam. Portanto, voc\u00ea n\u00e3o precisa ter medo de nenhuma defici\u00eancia de nutrientes.<\/p>","protected":false},"featured_media":7071,"comment_status":"open","ping_status":"closed","template":"","meta":{"inline_featured_image":false},"product_cat":[95,103,121,118],"product_tag":[100,99],"class_list":{"0":"post-7067","1":"product","2":"type-product","3":"status-publish","4":"has-post-thumbnail","6":"product_cat-complete","7":"product_cat-duck","8":"product_cat-duck-lamb","9":"product_cat-lamb","10":"product_tag-1-kg","11":"product_tag-pet-food","12":"product_brand-kb-raw","14":"first","15":"instock","16":"taxable","17":"shipping-taxable","18":"purchasable","19":"product-type-simple"},"_links":{"self":[{"href":"https:\/\/petplay.pt\/pt\/wp-json\/wp\/v2\/product\/7067","targetHints":{"allow":["GET"]}}],"collection":[{"href":"https:\/\/petplay.pt\/pt\/wp-json\/wp\/v2\/product"}],"about":[{"href":"https:\/\/petplay.pt\/pt\/wp-json\/wp\/v2\/types\/product"}],"replies":[{"embeddable":true,"href":"https:\/\/petplay.pt\/pt\/wp-json\/wp\/v2\/comments?post=7067"}],"version-history":[{"count":3,"href":"https:\/\/petplay.pt\/pt\/wp-json\/wp\/v2\/product\/7067\/revisions"}],"predecessor-version":[{"id":7070,"href":"https:\/\/petplay.pt\/pt\/wp-json\/wp\/v2\/product\/7067\/revisions\/7070"}],"wp:featuredmedia":[{"embeddable":true,"href":"https:\/\/petplay.pt\/pt\/wp-json\/wp\/v2\/media\/7071"}],"wp:attachment":[{"href":"https:\/\/petplay.pt\/pt\/wp-json\/wp\/v2\/media?parent=7067"}],"wp:term":[{"taxonomy":"product_cat","embeddable":true,"href":"https:\/\/petplay.pt\/pt\/wp-json\/wp\/v2\/product_cat?post=7067"},{"taxonomy":"product_tag","embeddable":true,"href":"https:\/\/petplay.pt\/pt\/wp-json\/wp\/v2\/product_tag?post=7067"}],"curies":[{"name":"wp","href":"https:\/\/api.w.org\/{rel}","templated":true}]}}