{"id":7061,"date":"2024-09-18T11:52:38","date_gmt":"2024-09-18T11:52:38","guid":{"rendered":"https:\/\/petplay.pt\/?post_type=product&#038;p=7061"},"modified":"2024-09-18T11:57:49","modified_gmt":"2024-09-18T11:57:49","slug":"kb-complete-insect-rabbit-1kg","status":"publish","type":"product","link":"https:\/\/petplay.pt\/pt\/shop\/complete\/kb-complete-insect-rabbit-1kg\/","title":{"rendered":"KB Complete \u2013 Inseto-Coelho 1kg"},"content":{"rendered":"<p><strong>Peso:<\/strong> 1 kg.<br \/>\n<strong>Ingredientes:<\/strong> 65% Coelho; 40% dorso, 10% cora\u00e7\u00e3o, 5% orelhas, 5% pulm\u00e3o, 2,5% rim, 2,5% gordura, 33% Inseto (BSF), 1% \u00d3leo de salm\u00e3o, 1% Vitaminas e minerais. Adicionados por kg: Vit. A: 3.000 UI, Vit.D3: 300 UI, Vit. E: 100 mg, Vit. C: 30 mg, E1 Ferro: 20 mg, E5 Mangan\u00eas: 5 mg, E4 Cobre: 4 mg, E6 Zinco: 20 mg, Iodato de c\u00e1lcio anidro: 0,70 mg, E8 Selenito de s\u00f3dio: 0,08 mg, Taurina: 500 mg.<br \/>\n<strong>Propor\u00e7\u00f5es:<\/strong> Carne: 24%, Ossos: 16%, \u00d3rg\u00e3os: 20%, Extra: 40%.<br \/>\n<strong>An\u00e1lise:<\/strong> 66% umidade, 15% prote\u00edna, 13% gordura, 0,8% fibra, 2,2% cinzas, 0,65% c\u00e1lcio, 0,38% f\u00f3sforo, Ca:P: 1,71, Energia: 180 kcal\/100 g.<\/p>","protected":false},"excerpt":{"rendered":"<p>Esta mistura cont\u00e9m insetos 33%. Os insetos usados s\u00e3o larvas de Black Soldier Fly (BSF). A produ\u00e7\u00e3o de insetos \u00e9 muito mais sustent\u00e1vel (pouca \u00e1gua, menos emiss\u00f5es de CO2, nenhuma emiss\u00e3o de metano) do que a produ\u00e7\u00e3o de carne. Al\u00e9m disso, esses insetos s\u00e3o uma fonte de prote\u00edna animal de alta qualidade.<\/p>","protected":false},"featured_media":7065,"comment_status":"open","ping_status":"closed","template":"","meta":{"inline_featured_image":false},"product_cat":[95,120,119,117],"product_tag":[100,99],"class_list":{"0":"post-7061","1":"product","2":"type-product","3":"status-publish","4":"has-post-thumbnail","6":"product_cat-complete","7":"product_cat-insect","8":"product_cat-insect-rabbit","9":"product_cat-rabbit","10":"product_tag-1-kg","11":"product_tag-pet-food","12":"product_brand-kb-raw","14":"first","15":"instock","16":"taxable","17":"shipping-taxable","18":"purchasable","19":"product-type-simple"},"_links":{"self":[{"href":"https:\/\/petplay.pt\/pt\/wp-json\/wp\/v2\/product\/7061","targetHints":{"allow":["GET"]}}],"collection":[{"href":"https:\/\/petplay.pt\/pt\/wp-json\/wp\/v2\/product"}],"about":[{"href":"https:\/\/petplay.pt\/pt\/wp-json\/wp\/v2\/types\/product"}],"replies":[{"embeddable":true,"href":"https:\/\/petplay.pt\/pt\/wp-json\/wp\/v2\/comments?post=7061"}],"version-history":[{"count":3,"href":"https:\/\/petplay.pt\/pt\/wp-json\/wp\/v2\/product\/7061\/revisions"}],"predecessor-version":[{"id":7064,"href":"https:\/\/petplay.pt\/pt\/wp-json\/wp\/v2\/product\/7061\/revisions\/7064"}],"wp:featuredmedia":[{"embeddable":true,"href":"https:\/\/petplay.pt\/pt\/wp-json\/wp\/v2\/media\/7065"}],"wp:attachment":[{"href":"https:\/\/petplay.pt\/pt\/wp-json\/wp\/v2\/media?parent=7061"}],"wp:term":[{"taxonomy":"product_cat","embeddable":true,"href":"https:\/\/petplay.pt\/pt\/wp-json\/wp\/v2\/product_cat?post=7061"},{"taxonomy":"product_tag","embeddable":true,"href":"https:\/\/petplay.pt\/pt\/wp-json\/wp\/v2\/product_tag?post=7061"}],"curies":[{"name":"wp","href":"https:\/\/api.w.org\/{rel}","templated":true}]}}