{"id":7057,"date":"2024-09-18T11:47:51","date_gmt":"2024-09-18T11:47:51","guid":{"rendered":"https:\/\/petplay.pt\/?post_type=product&#038;p=7057"},"modified":"2024-09-18T11:51:22","modified_gmt":"2024-09-18T11:51:22","slug":"kb-complete-sensitive-1kg","status":"publish","type":"product","link":"https:\/\/petplay.pt\/pt\/shop\/complete\/kb-complete-sensitive-1kg\/","title":{"rendered":"KB Completo \u2013 Sens\u00edvel 1kg"},"content":{"rendered":"<p><strong>Peso:<\/strong> 1 kg.<br \/>\n<strong>Ingredientes:<\/strong> 33% Carne de cavalo, 40% coelho: 30% dorso, 5% orelha, 2,5% rim, 2,5% gordura, 25% peru: 15% cora\u00e7\u00e3o, 10% dorso, 1% \u00f3leo de salm\u00e3o, 1% vitaminas e minerais Adicionados por kg: Vit. A: 3.000 UI, Vit.D3: 300 UI, Vit. E: 100 mg, Vit. C: 30 mg, E1 Ferro: 20 mg, E5 Mangan\u00eas: 5 mg, E4 Cobre: 4 mg, E6 Zinco: 20 mg, Iodato de c\u00e1lcio anidro: 0,70 mg, E8 Selenito de s\u00f3dio: 0,08 mg, Taurina: 500 mg.<br \/>\n<strong>Propor\u00e7\u00f5es:<\/strong> Carne: 57%, Ossos: 16%, \u00d3rg\u00e3os: 20%, Extra: 7%.<br \/>\n<strong>An\u00e1lise:<\/strong> 64% umidade, 19% prote\u00edna, 13% gordura, 0,2% fibra, 2,2% cinzas, 0,67% c\u00e1lcio, 0,38% f\u00f3sforo, Ca:P: 1,78, Energia: 187 kcal\/100 g.<\/p>","protected":false},"excerpt":{"rendered":"<p>Esta mistura balanceada cont\u00e9m carne muscular, v\u00edsceras e ossos, suplementada com vitaminas, minerais e \u00f3leo de salm\u00e3o. Esta mistura cont\u00e9m exclusivamente carne de peru, coelho e cavalo como fonte de prote\u00edna. Estes s\u00e3o tipos de prote\u00edna que s\u00e3o menos propensos do que outras fontes de carne a causar rea\u00e7\u00f5es al\u00e9rgicas entre c\u00e3es. Ao adicionar vitaminas e minerais, esta mistura cont\u00e9m todos os nutrientes que gatos e c\u00e3es precisam. Portanto, voc\u00ea n\u00e3o precisa ter medo de nenhuma defici\u00eancia de nutrientes.<\/p>","protected":false},"featured_media":7058,"comment_status":"open","ping_status":"closed","template":"","meta":{"inline_featured_image":false},"product_cat":[95],"product_tag":[100,99],"class_list":{"0":"post-7057","1":"product","2":"type-product","3":"status-publish","4":"has-post-thumbnail","6":"product_cat-complete","7":"product_tag-1-kg","8":"product_tag-pet-food","9":"product_brand-kb-raw","11":"first","12":"instock","13":"taxable","14":"shipping-taxable","15":"purchasable","16":"product-type-simple"},"_links":{"self":[{"href":"https:\/\/petplay.pt\/pt\/wp-json\/wp\/v2\/product\/7057","targetHints":{"allow":["GET"]}}],"collection":[{"href":"https:\/\/petplay.pt\/pt\/wp-json\/wp\/v2\/product"}],"about":[{"href":"https:\/\/petplay.pt\/pt\/wp-json\/wp\/v2\/types\/product"}],"replies":[{"embeddable":true,"href":"https:\/\/petplay.pt\/pt\/wp-json\/wp\/v2\/comments?post=7057"}],"version-history":[{"count":1,"href":"https:\/\/petplay.pt\/pt\/wp-json\/wp\/v2\/product\/7057\/revisions"}],"predecessor-version":[{"id":7060,"href":"https:\/\/petplay.pt\/pt\/wp-json\/wp\/v2\/product\/7057\/revisions\/7060"}],"wp:featuredmedia":[{"embeddable":true,"href":"https:\/\/petplay.pt\/pt\/wp-json\/wp\/v2\/media\/7058"}],"wp:attachment":[{"href":"https:\/\/petplay.pt\/pt\/wp-json\/wp\/v2\/media?parent=7057"}],"wp:term":[{"taxonomy":"product_cat","embeddable":true,"href":"https:\/\/petplay.pt\/pt\/wp-json\/wp\/v2\/product_cat?post=7057"},{"taxonomy":"product_tag","embeddable":true,"href":"https:\/\/petplay.pt\/pt\/wp-json\/wp\/v2\/product_tag?post=7057"}],"curies":[{"name":"wp","href":"https:\/\/api.w.org\/{rel}","templated":true}]}}