{"id":7052,"date":"2024-09-18T11:01:15","date_gmt":"2024-09-18T11:01:15","guid":{"rendered":"https:\/\/petplay.pt\/?post_type=product&#038;p=7052"},"modified":"2024-09-18T11:51:35","modified_gmt":"2024-09-18T11:51:35","slug":"kb-complete-regular-1kg","status":"publish","type":"product","link":"https:\/\/petplay.pt\/pt\/shop\/complete\/kb-complete-regular-1kg\/","title":{"rendered":"KB Completo \u2013 Regular 1kg"},"content":{"rendered":"<p><strong>Peso:<\/strong> 1 kg.<br \/>\n<strong>Ingredientes:<\/strong> 65% Frango: 38% dorso, 15% cora\u00e7\u00e3o, 12% est\u00f4mago, 33% carne bovina: 17% r\u00famen, 11% osso da l\u00edngua, 2,5% rim, 2,5% gordura, 1% \u00f3leo de salm\u00e3o, 1% vitaminas e minerais Adicionados por kg: Vit. A: 3.000 UI, Vit.D3: 300 UI, Vit. E: 100 mg, Vit. C: 30 mg, E1 Ferro: 20 mg, E5 Mangan\u00eas: 5 mg, E4 Cobre: 4 mg, E6 Zinco: 20 mg, Iodato de c\u00e1lcio anidro: 0,70 mg, E8 Selenito de s\u00f3dio: 0,08 mg, Taurina: 500 mg.<br \/>\n<strong>Propor\u00e7\u00f5es:<\/strong> Carne: 46%, Ossos: 17%, \u00d3rg\u00e3os: 35%, Extra: 2%.<br \/>\n<strong>An\u00e1lise:<\/strong> 67% umidade, 16% prote\u00edna, 14% gordura, 0,3% fibra, 2,4% cinzas, 0,64% c\u00e1lcio, 0,39% f\u00f3sforo, Ca:P: 1,65, Energia: 188 kcal\/100 g.<\/p>","protected":false},"excerpt":{"rendered":"<p>Esta mistura balanceada cont\u00e9m carne muscular, carne de \u00f3rg\u00e3os e ossos, suplementada com vitaminas, minerais e \u00f3leo de salm\u00e3o. Ao adicionar vitaminas e minerais, esta mistura cont\u00e9m todos os nutrientes que gatos e c\u00e3es precisam. Portanto, voc\u00ea n\u00e3o precisa ter medo de nenhuma defici\u00eancia de nutrientes.<\/p>","protected":false},"featured_media":7054,"comment_status":"open","ping_status":"closed","template":"","meta":{"inline_featured_image":false},"product_cat":[95],"product_tag":[100,99],"class_list":{"0":"post-7052","1":"product","2":"type-product","3":"status-publish","4":"has-post-thumbnail","6":"product_cat-complete","7":"product_tag-1-kg","8":"product_tag-pet-food","9":"product_brand-kb-raw","11":"first","12":"instock","13":"taxable","14":"shipping-taxable","15":"purchasable","16":"product-type-simple"},"_links":{"self":[{"href":"https:\/\/petplay.pt\/pt\/wp-json\/wp\/v2\/product\/7052","targetHints":{"allow":["GET"]}}],"collection":[{"href":"https:\/\/petplay.pt\/pt\/wp-json\/wp\/v2\/product"}],"about":[{"href":"https:\/\/petplay.pt\/pt\/wp-json\/wp\/v2\/types\/product"}],"replies":[{"embeddable":true,"href":"https:\/\/petplay.pt\/pt\/wp-json\/wp\/v2\/comments?post=7052"}],"version-history":[{"count":2,"href":"https:\/\/petplay.pt\/pt\/wp-json\/wp\/v2\/product\/7052\/revisions"}],"predecessor-version":[{"id":7056,"href":"https:\/\/petplay.pt\/pt\/wp-json\/wp\/v2\/product\/7052\/revisions\/7056"}],"wp:featuredmedia":[{"embeddable":true,"href":"https:\/\/petplay.pt\/pt\/wp-json\/wp\/v2\/media\/7054"}],"wp:attachment":[{"href":"https:\/\/petplay.pt\/pt\/wp-json\/wp\/v2\/media?parent=7052"}],"wp:term":[{"taxonomy":"product_cat","embeddable":true,"href":"https:\/\/petplay.pt\/pt\/wp-json\/wp\/v2\/product_cat?post=7052"},{"taxonomy":"product_tag","embeddable":true,"href":"https:\/\/petplay.pt\/pt\/wp-json\/wp\/v2\/product_tag?post=7052"}],"curies":[{"name":"wp","href":"https:\/\/api.w.org\/{rel}","templated":true}]}}