{"id":7040,"date":"2024-09-17T15:13:00","date_gmt":"2024-09-17T15:13:00","guid":{"rendered":"https:\/\/petplay.pt\/?post_type=product&#038;p=7040"},"modified":"2024-09-17T15:20:00","modified_gmt":"2024-09-17T15:20:00","slug":"kb-mix-lamb-1kg","status":"publish","type":"product","link":"https:\/\/petplay.pt\/pt\/shop\/mix\/kb-mix-lamb-1kg\/","title":{"rendered":"KB Mix \u2013 Cordeiro 1kg"},"content":{"rendered":"<p><strong>Peso:<\/strong> 1 kg.<br \/>\n<strong>Ingredientes:<\/strong> 100% Cordeiro: 40% r\u00famen, 15% carne, 15% costelas carnudas, 10% gordura, 8% cora\u00e7\u00e3o, 8% f\u00edgado, 4% pulm\u00e3o.<br \/>\n<strong>Propor\u00e7\u00f5es:<\/strong> Carne: 28%, Ossos: 12%, \u00d3rg\u00e3os: 60%, Extra: 0%.<br \/>\n<strong>An\u00e1lise:<\/strong> 65% umidade, 16% prote\u00edna, 17% gordura, 0,2% fibra, 2,9% cinzas, 0,53% c\u00e1lcio, 0,45% f\u00f3sforo, Ca:P: 1,17, Energia: 217 kcal\/100 g.<\/p>","protected":false},"excerpt":{"rendered":"<p>Este KB Mix cont\u00e9m exclusivamente cordeiro como fonte de prote\u00edna e, portanto, pode ser uma parte adequada de uma dieta de elimina\u00e7\u00e3o. O mix cont\u00e9m apenas ingredientes naturais sem aditivos artificiais, costelas de cordeiro finamente mo\u00eddas funcionam como uma fonte natural de c\u00e1lcio. Este mix sozinho n\u00e3o \u00e9 completo; varia\u00e7\u00e3o \u00e9 necess\u00e1ria para uma dieta balanceada.<\/p>","protected":false},"featured_media":7044,"comment_status":"open","ping_status":"closed","template":"","meta":{"inline_featured_image":false},"product_cat":[118,94],"product_tag":[100,99],"class_list":{"0":"post-7040","1":"product","2":"type-product","3":"status-publish","4":"has-post-thumbnail","6":"product_cat-lamb","7":"product_cat-mix","8":"product_tag-1-kg","9":"product_tag-pet-food","10":"product_brand-kb-raw","12":"first","13":"instock","14":"taxable","15":"shipping-taxable","16":"purchasable","17":"product-type-simple"},"_links":{"self":[{"href":"https:\/\/petplay.pt\/pt\/wp-json\/wp\/v2\/product\/7040","targetHints":{"allow":["GET"]}}],"collection":[{"href":"https:\/\/petplay.pt\/pt\/wp-json\/wp\/v2\/product"}],"about":[{"href":"https:\/\/petplay.pt\/pt\/wp-json\/wp\/v2\/types\/product"}],"replies":[{"embeddable":true,"href":"https:\/\/petplay.pt\/pt\/wp-json\/wp\/v2\/comments?post=7040"}],"version-history":[{"count":1,"href":"https:\/\/petplay.pt\/pt\/wp-json\/wp\/v2\/product\/7040\/revisions"}],"predecessor-version":[{"id":7041,"href":"https:\/\/petplay.pt\/pt\/wp-json\/wp\/v2\/product\/7040\/revisions\/7041"}],"wp:featuredmedia":[{"embeddable":true,"href":"https:\/\/petplay.pt\/pt\/wp-json\/wp\/v2\/media\/7044"}],"wp:attachment":[{"href":"https:\/\/petplay.pt\/pt\/wp-json\/wp\/v2\/media?parent=7040"}],"wp:term":[{"taxonomy":"product_cat","embeddable":true,"href":"https:\/\/petplay.pt\/pt\/wp-json\/wp\/v2\/product_cat?post=7040"},{"taxonomy":"product_tag","embeddable":true,"href":"https:\/\/petplay.pt\/pt\/wp-json\/wp\/v2\/product_tag?post=7040"}],"curies":[{"name":"wp","href":"https:\/\/api.w.org\/{rel}","templated":true}]}}