{"id":7033,"date":"2024-09-17T14:24:53","date_gmt":"2024-09-17T14:24:53","guid":{"rendered":"https:\/\/petplay.pt\/?post_type=product&#038;p=7033"},"modified":"2024-09-17T14:26:28","modified_gmt":"2024-09-17T14:26:28","slug":"kb-mix-rabbit-1kg","status":"publish","type":"product","link":"https:\/\/petplay.pt\/pt\/shop\/mix\/kb-mix-rabbit-1kg\/","title":{"rendered":"KB Mix \u2013 Coelho 1kg"},"content":{"rendered":"<p><strong>Peso:<\/strong> 1 kg.<br \/>\n<strong>Ingredientes:<\/strong> 100% Coelho: 60% costas, 10% cora\u00e7\u00e3o, 7% pulm\u00e3o, 5% f\u00edgado, 10% orelha, 4% rim, 4% gordura.<br \/>\n<strong>Propor\u00e7\u00f5es:<\/strong> Carne: 38%, Ossos: 24%, \u00d3rg\u00e3os: 28%, Extra: 10%.<br \/>\n<strong>An\u00e1lise:<\/strong> 62% umidade, 18% prote\u00edna, 15% gordura, 0,2% fibra, 2,3% cinza, 0,85% c\u00e1lcio, 0,46% f\u00f3sforo, Ca:P: 1,85, Energia: 202 kcal\/100 g.<\/p>","protected":false},"excerpt":{"rendered":"<p>Este KB Mix cont\u00e9m exclusivamente coelho como fonte de prote\u00edna e, portanto, pode ser uma parte adequada de uma dieta de elimina\u00e7\u00e3o. O mix cont\u00e9m apenas ingredientes naturais, sem aditivos artificiais. Este mix sozinho n\u00e3o \u00e9 completo; varia\u00e7\u00e3o \u00e9 necess\u00e1ria para uma dieta balanceada.<\/p>","protected":false},"featured_media":7030,"comment_status":"open","ping_status":"closed","template":"","meta":{"inline_featured_image":false},"product_cat":[94,117,113],"product_tag":[100,99],"class_list":{"0":"post-7033","1":"product","2":"type-product","3":"status-publish","4":"has-post-thumbnail","6":"product_cat-mix","7":"product_cat-rabbit","8":"product_cat-rabbit-turkey","9":"product_tag-1-kg","10":"product_tag-pet-food","11":"product_brand-kb-raw","13":"first","14":"instock","15":"taxable","16":"shipping-taxable","17":"purchasable","18":"product-type-simple"},"_links":{"self":[{"href":"https:\/\/petplay.pt\/pt\/wp-json\/wp\/v2\/product\/7033","targetHints":{"allow":["GET"]}}],"collection":[{"href":"https:\/\/petplay.pt\/pt\/wp-json\/wp\/v2\/product"}],"about":[{"href":"https:\/\/petplay.pt\/pt\/wp-json\/wp\/v2\/types\/product"}],"replies":[{"embeddable":true,"href":"https:\/\/petplay.pt\/pt\/wp-json\/wp\/v2\/comments?post=7033"}],"version-history":[{"count":2,"href":"https:\/\/petplay.pt\/pt\/wp-json\/wp\/v2\/product\/7033\/revisions"}],"predecessor-version":[{"id":7035,"href":"https:\/\/petplay.pt\/pt\/wp-json\/wp\/v2\/product\/7033\/revisions\/7035"}],"wp:featuredmedia":[{"embeddable":true,"href":"https:\/\/petplay.pt\/pt\/wp-json\/wp\/v2\/media\/7030"}],"wp:attachment":[{"href":"https:\/\/petplay.pt\/pt\/wp-json\/wp\/v2\/media?parent=7033"}],"wp:term":[{"taxonomy":"product_cat","embeddable":true,"href":"https:\/\/petplay.pt\/pt\/wp-json\/wp\/v2\/product_cat?post=7033"},{"taxonomy":"product_tag","embeddable":true,"href":"https:\/\/petplay.pt\/pt\/wp-json\/wp\/v2\/product_tag?post=7033"}],"curies":[{"name":"wp","href":"https:\/\/api.w.org\/{rel}","templated":true}]}}