{"id":7023,"date":"2024-09-17T14:14:50","date_gmt":"2024-09-17T14:14:50","guid":{"rendered":"https:\/\/petplay.pt\/?post_type=product&#038;p=7023"},"modified":"2024-09-17T14:18:15","modified_gmt":"2024-09-17T14:18:15","slug":"kb-mix-horse-500g","status":"publish","type":"product","link":"https:\/\/petplay.pt\/pt\/shop\/mix\/kb-mix-horse-500g\/","title":{"rendered":"KB Mix \u2013 Cavalo 500g"},"content":{"rendered":"<p><strong>Peso:<\/strong>\u00a0500 g.<br \/>\n<strong>Ingredientes:<\/strong> 100% Cavalo: 60% carne, 20% costelas carnudas, 15% cora\u00e7\u00e3o, 5% f\u00edgado.<br \/>\n<strong>Propor\u00e7\u00f5es:<\/strong> Carne: 70%, Ossos: 10%, \u00d3rg\u00e3os: 20%, Extra: 0%.<br \/>\n<strong>An\u00e1lise:<\/strong> 68% umidade, 20% prote\u00edna, 9% gordura, 0,2% fibra, 1% cinza, 0,43% c\u00e1lcio, 0,22% f\u00f3sforo, Ca:P: 1,96, Energia: 159 kcal\/100 g.<\/p>","protected":false},"excerpt":{"rendered":"<p>Este KB Mix cont\u00e9m exclusivamente cavalo como fonte de prote\u00edna e, portanto, pode ser uma parte adequada de uma dieta de elimina\u00e7\u00e3o. O mix cont\u00e9m apenas ingredientes naturais sem aditivos artificiais. Este mix sozinho n\u00e3o \u00e9 completo; varia\u00e7\u00e3o \u00e9 necess\u00e1ria para uma dieta balanceada.<\/p>","protected":false},"featured_media":7025,"comment_status":"open","ping_status":"closed","template":"","meta":{"inline_featured_image":false},"product_cat":[116,94],"product_tag":[101,99],"class_list":{"0":"post-7023","1":"product","2":"type-product","3":"status-publish","4":"has-post-thumbnail","6":"product_cat-horse","7":"product_cat-mix","8":"product_tag-500-g","9":"product_tag-pet-food","10":"product_brand-kb-raw","12":"first","13":"instock","14":"taxable","15":"shipping-taxable","16":"purchasable","17":"product-type-simple"},"_links":{"self":[{"href":"https:\/\/petplay.pt\/pt\/wp-json\/wp\/v2\/product\/7023","targetHints":{"allow":["GET"]}}],"collection":[{"href":"https:\/\/petplay.pt\/pt\/wp-json\/wp\/v2\/product"}],"about":[{"href":"https:\/\/petplay.pt\/pt\/wp-json\/wp\/v2\/types\/product"}],"replies":[{"embeddable":true,"href":"https:\/\/petplay.pt\/pt\/wp-json\/wp\/v2\/comments?post=7023"}],"version-history":[{"count":1,"href":"https:\/\/petplay.pt\/pt\/wp-json\/wp\/v2\/product\/7023\/revisions"}],"predecessor-version":[{"id":7024,"href":"https:\/\/petplay.pt\/pt\/wp-json\/wp\/v2\/product\/7023\/revisions\/7024"}],"wp:featuredmedia":[{"embeddable":true,"href":"https:\/\/petplay.pt\/pt\/wp-json\/wp\/v2\/media\/7025"}],"wp:attachment":[{"href":"https:\/\/petplay.pt\/pt\/wp-json\/wp\/v2\/media?parent=7023"}],"wp:term":[{"taxonomy":"product_cat","embeddable":true,"href":"https:\/\/petplay.pt\/pt\/wp-json\/wp\/v2\/product_cat?post=7023"},{"taxonomy":"product_tag","embeddable":true,"href":"https:\/\/petplay.pt\/pt\/wp-json\/wp\/v2\/product_tag?post=7023"}],"curies":[{"name":"wp","href":"https:\/\/api.w.org\/{rel}","templated":true}]}}