{"id":7020,"date":"2024-09-17T14:08:11","date_gmt":"2024-09-17T14:08:11","guid":{"rendered":"https:\/\/petplay.pt\/?post_type=product&#038;p=7020"},"modified":"2024-09-17T14:11:36","modified_gmt":"2024-09-17T14:11:36","slug":"kb-mix-wild-goose-1kg","status":"publish","type":"product","link":"https:\/\/petplay.pt\/pt\/shop\/mix\/kb-mix-wild-goose-1kg\/","title":{"rendered":"KB Mix \u2013 Ganso Selvagem 1kg"},"content":{"rendered":"<p><strong>Peso:<\/strong> 1 kg.<br \/>\n<strong>Ingredientes:<\/strong> 100% Ganso; Corpo com \u00f3rg\u00e3os. Sem cabe\u00e7a, papo, penas e intestinos.<br \/>\n<strong>Propor\u00e7\u00f5es:<\/strong> Carne: 65%, Ossos: 15%, \u00d3rg\u00e3os: 20%, Extra: 0%.<br \/>\n<strong>An\u00e1lise:<\/strong> 70% umidade, 21% prote\u00edna, 2,8% gordura, 0,4% fibra, 6% cinza, 1,83% c\u00e1lcio, 0,92% f\u00f3sforo, Ca:P: 1,98, Energia: 110 kcal\/100 g.<\/p>","protected":false},"excerpt":{"rendered":"<p>Esses gansos v\u00eam da Holanda, onde h\u00e1 um excedente de gansos. Este n\u00e3o \u00e9 apenas um produto sustent\u00e1vel, mas tamb\u00e9m uma fonte muito boa (nova) de prote\u00edna para c\u00e3es e gatos. Os corpos de ganso que usamos para esta mistura s\u00e3o bem carnudos e ainda cont\u00eam os \u00f3rg\u00e3os mais importantes, mas sem cabe\u00e7a, papo, pernas, penas e trato gastrointestinal.<\/p>","protected":false},"featured_media":7022,"comment_status":"open","ping_status":"closed","template":"","meta":{"inline_featured_image":false},"product_cat":[94,115],"product_tag":[100,99],"class_list":{"0":"post-7020","1":"product","2":"type-product","3":"status-publish","4":"has-post-thumbnail","6":"product_cat-mix","7":"product_cat-wild-goose","8":"product_tag-1-kg","9":"product_tag-pet-food","10":"product_brand-kb-raw","12":"first","13":"instock","14":"taxable","15":"shipping-taxable","16":"purchasable","17":"product-type-simple"},"_links":{"self":[{"href":"https:\/\/petplay.pt\/pt\/wp-json\/wp\/v2\/product\/7020","targetHints":{"allow":["GET"]}}],"collection":[{"href":"https:\/\/petplay.pt\/pt\/wp-json\/wp\/v2\/product"}],"about":[{"href":"https:\/\/petplay.pt\/pt\/wp-json\/wp\/v2\/types\/product"}],"replies":[{"embeddable":true,"href":"https:\/\/petplay.pt\/pt\/wp-json\/wp\/v2\/comments?post=7020"}],"version-history":[{"count":1,"href":"https:\/\/petplay.pt\/pt\/wp-json\/wp\/v2\/product\/7020\/revisions"}],"predecessor-version":[{"id":7021,"href":"https:\/\/petplay.pt\/pt\/wp-json\/wp\/v2\/product\/7020\/revisions\/7021"}],"wp:featuredmedia":[{"embeddable":true,"href":"https:\/\/petplay.pt\/pt\/wp-json\/wp\/v2\/media\/7022"}],"wp:attachment":[{"href":"https:\/\/petplay.pt\/pt\/wp-json\/wp\/v2\/media?parent=7020"}],"wp:term":[{"taxonomy":"product_cat","embeddable":true,"href":"https:\/\/petplay.pt\/pt\/wp-json\/wp\/v2\/product_cat?post=7020"},{"taxonomy":"product_tag","embeddable":true,"href":"https:\/\/petplay.pt\/pt\/wp-json\/wp\/v2\/product_tag?post=7020"}],"curies":[{"name":"wp","href":"https:\/\/api.w.org\/{rel}","templated":true}]}}