{"id":7017,"date":"2024-09-17T14:01:10","date_gmt":"2024-09-17T14:01:10","guid":{"rendered":"https:\/\/petplay.pt\/?post_type=product&#038;p=7017"},"modified":"2024-09-17T14:06:48","modified_gmt":"2024-09-17T14:06:48","slug":"kb-mix-rabbit-turkey-1kg","status":"publish","type":"product","link":"https:\/\/petplay.pt\/pt\/shop\/mix\/kb-mix-rabbit-turkey-1kg\/","title":{"rendered":"KB Mix \u2013 Coelho-Peru 1kg"},"content":{"rendered":"<p><strong>Peso:<\/strong> 1 kg.<br \/>\n<strong>Ingredientes:<\/strong> 61% Coelho (38% dorso, 10% orelha, 8% rim, 5% f\u00edgado, 39% Peru (30% pesco\u00e7o, 9% cora\u00e7\u00e3o).<br \/>\n<strong>Propor\u00e7\u00f5es:<\/strong> Carne: 39%, Ossos: 26%, \u00d3rg\u00e3os: 25%, Extra: 10%.<br \/>\n<strong>An\u00e1lise:<\/strong> 63% umidade, 18% prote\u00edna, 13% gordura, 0% fibra, 3% cinza, 1.03% c\u00e1lcio, 0,70% f\u00f3sforo, Ca:P: 1,46, Energia: 189 kcal\/100 g.<\/p>","protected":false},"excerpt":{"rendered":"<p>Uma mistura balanceada de coelho e peru. A mistura cont\u00e9m apenas ingredientes naturais, sem aditivos artificiais. Esta mistura sozinha n\u00e3o \u00e9 completa; varia\u00e7\u00e3o \u00e9 necess\u00e1ria para uma dieta balanceada.<\/p>","protected":false},"featured_media":7018,"comment_status":"open","ping_status":"closed","template":"","meta":{"inline_featured_image":false},"product_cat":[94,113,112],"product_tag":[100,99],"class_list":{"0":"post-7017","1":"product","2":"type-product","3":"status-publish","4":"has-post-thumbnail","6":"product_cat-mix","7":"product_cat-rabbit-turkey","8":"product_cat-turkey","9":"product_tag-1-kg","10":"product_tag-pet-food","11":"product_brand-kb-raw","13":"first","14":"instock","15":"taxable","16":"shipping-taxable","17":"purchasable","18":"product-type-simple"},"_links":{"self":[{"href":"https:\/\/petplay.pt\/pt\/wp-json\/wp\/v2\/product\/7017","targetHints":{"allow":["GET"]}}],"collection":[{"href":"https:\/\/petplay.pt\/pt\/wp-json\/wp\/v2\/product"}],"about":[{"href":"https:\/\/petplay.pt\/pt\/wp-json\/wp\/v2\/types\/product"}],"replies":[{"embeddable":true,"href":"https:\/\/petplay.pt\/pt\/wp-json\/wp\/v2\/comments?post=7017"}],"version-history":[{"count":1,"href":"https:\/\/petplay.pt\/pt\/wp-json\/wp\/v2\/product\/7017\/revisions"}],"predecessor-version":[{"id":7019,"href":"https:\/\/petplay.pt\/pt\/wp-json\/wp\/v2\/product\/7017\/revisions\/7019"}],"wp:featuredmedia":[{"embeddable":true,"href":"https:\/\/petplay.pt\/pt\/wp-json\/wp\/v2\/media\/7018"}],"wp:attachment":[{"href":"https:\/\/petplay.pt\/pt\/wp-json\/wp\/v2\/media?parent=7017"}],"wp:term":[{"taxonomy":"product_cat","embeddable":true,"href":"https:\/\/petplay.pt\/pt\/wp-json\/wp\/v2\/product_cat?post=7017"},{"taxonomy":"product_tag","embeddable":true,"href":"https:\/\/petplay.pt\/pt\/wp-json\/wp\/v2\/product_tag?post=7017"}],"curies":[{"name":"wp","href":"https:\/\/api.w.org\/{rel}","templated":true}]}}