{"id":7007,"date":"2024-09-17T13:44:28","date_gmt":"2024-09-17T13:44:28","guid":{"rendered":"https:\/\/petplay.pt\/?post_type=product&#038;p=7007"},"modified":"2024-09-17T15:22:59","modified_gmt":"2024-09-17T15:22:59","slug":"kb-mix-turkey-500g","status":"publish","type":"product","link":"https:\/\/petplay.pt\/pt\/shop\/mix\/kb-mix-turkey-500g\/","title":{"rendered":"KB Mix \u2013 Peru 500g"},"content":{"rendered":"<p><strong>Peso:<\/strong>\u00a0500 g.<br \/>\n<strong>Ingredientes:<\/strong> 100% Peru; 30% Pesco\u00e7o, 30% carne, 25% cora\u00e7\u00e3o, 10% dorso e 5% f\u00edgado.<br \/>\n<strong>Propor\u00e7\u00f5es:<\/strong> Carne: 57%, Ossos: 13%, \u00d3rg\u00e3os: 30%, Extra: 0%.<br \/>\n<strong>An\u00e1lise:<\/strong> 70% umidade, 16% prote\u00edna, 11% gordura, 0,3% fibra, 3,1% cinzas, 0,78% c\u00e1lcio, 0,61% f\u00f3sforo, Ca:P: 1,29, Energia: 160 kcal\/100 g.<\/p>","protected":false},"excerpt":{"rendered":"<p>Este KB Mix cont\u00e9m exclusivamente peru como fonte de prote\u00edna e, portanto, pode ser uma parte adequada de uma dieta de elimina\u00e7\u00e3o. O mix cont\u00e9m apenas ingredientes naturais, sem aditivos artificiais. Este mix sozinho n\u00e3o \u00e9 completo; varia\u00e7\u00e3o \u00e9 necess\u00e1ria para uma dieta balanceada.<\/p>","protected":false},"featured_media":7046,"comment_status":"open","ping_status":"closed","template":"","meta":{"inline_featured_image":false},"product_cat":[94,112],"product_tag":[101,99],"class_list":{"0":"post-7007","1":"product","2":"type-product","3":"status-publish","4":"has-post-thumbnail","6":"product_cat-mix","7":"product_cat-turkey","8":"product_tag-500-g","9":"product_tag-pet-food","10":"product_brand-kb-raw","12":"first","13":"instock","14":"taxable","15":"shipping-taxable","16":"purchasable","17":"product-type-simple"},"_links":{"self":[{"href":"https:\/\/petplay.pt\/pt\/wp-json\/wp\/v2\/product\/7007","targetHints":{"allow":["GET"]}}],"collection":[{"href":"https:\/\/petplay.pt\/pt\/wp-json\/wp\/v2\/product"}],"about":[{"href":"https:\/\/petplay.pt\/pt\/wp-json\/wp\/v2\/types\/product"}],"replies":[{"embeddable":true,"href":"https:\/\/petplay.pt\/pt\/wp-json\/wp\/v2\/comments?post=7007"}],"version-history":[{"count":1,"href":"https:\/\/petplay.pt\/pt\/wp-json\/wp\/v2\/product\/7007\/revisions"}],"predecessor-version":[{"id":7010,"href":"https:\/\/petplay.pt\/pt\/wp-json\/wp\/v2\/product\/7007\/revisions\/7010"}],"wp:featuredmedia":[{"embeddable":true,"href":"https:\/\/petplay.pt\/pt\/wp-json\/wp\/v2\/media\/7046"}],"wp:attachment":[{"href":"https:\/\/petplay.pt\/pt\/wp-json\/wp\/v2\/media?parent=7007"}],"wp:term":[{"taxonomy":"product_cat","embeddable":true,"href":"https:\/\/petplay.pt\/pt\/wp-json\/wp\/v2\/product_cat?post=7007"},{"taxonomy":"product_tag","embeddable":true,"href":"https:\/\/petplay.pt\/pt\/wp-json\/wp\/v2\/product_tag?post=7007"}],"curies":[{"name":"wp","href":"https:\/\/api.w.org\/{rel}","templated":true}]}}