{"id":7003,"date":"2024-09-17T12:53:37","date_gmt":"2024-09-17T12:53:37","guid":{"rendered":"https:\/\/petplay.pt\/?post_type=product&#038;p=7003"},"modified":"2024-09-17T14:00:18","modified_gmt":"2024-09-17T14:00:18","slug":"kb-mix-organ-1kg","status":"publish","type":"product","link":"https:\/\/petplay.pt\/pt\/shop\/mix\/kb-mix-organ-1kg\/","title":{"rendered":"KB Mix \u2013 \u00d3rg\u00e3o 1kg"},"content":{"rendered":"<p><strong>Peso:<\/strong> 1 kg.<br \/>\n<strong>Ingredientes:<\/strong> 25% cora\u00e7\u00e3o de vaca, 25% est\u00f4mago, 25% f\u00edgado, 25% rim.<br \/>\n<strong>Propor\u00e7\u00f5es:<\/strong> Carne: 0%, Ossos: 0%, \u00d3rg\u00e3os: 100%, Extra: 0%.<br \/>\n<strong>An\u00e1lise:<\/strong> 62% umidade, 14% prote\u00edna, 22% gordura, 0% fibra, 0,8% cinza, 0,14% c\u00e1lcio, 0,17% f\u00f3sforo, Ca:P: 0,81, Energia: 251 kcal\/100 g.<\/p>","protected":false},"excerpt":{"rendered":"<p>Este KB Mix cont\u00e9m v\u00edsceras. A combina\u00e7\u00e3o de cora\u00e7\u00e3o, f\u00edgado, est\u00f4mago e rim \u00e9 uma adi\u00e7\u00e3o valiosa \u00e0 dieta do seu animal de estima\u00e7\u00e3o. O mix cont\u00e9m apenas ingredientes naturais, sem aditivos artificiais. Este mix sozinho n\u00e3o \u00e9 completo; varia\u00e7\u00e3o \u00e9 necess\u00e1ria para uma dieta balanceada.<\/p>","protected":false},"featured_media":7005,"comment_status":"open","ping_status":"closed","template":"","meta":{"inline_featured_image":false},"product_cat":[94,111],"product_tag":[100,99],"class_list":{"0":"post-7003","1":"product","2":"type-product","3":"status-publish","4":"has-post-thumbnail","6":"product_cat-mix","7":"product_cat-organ","8":"product_tag-1-kg","9":"product_tag-pet-food","10":"product_brand-kb-raw","12":"first","13":"instock","14":"taxable","15":"shipping-taxable","16":"purchasable","17":"product-type-simple"},"_links":{"self":[{"href":"https:\/\/petplay.pt\/pt\/wp-json\/wp\/v2\/product\/7003","targetHints":{"allow":["GET"]}}],"collection":[{"href":"https:\/\/petplay.pt\/pt\/wp-json\/wp\/v2\/product"}],"about":[{"href":"https:\/\/petplay.pt\/pt\/wp-json\/wp\/v2\/types\/product"}],"replies":[{"embeddable":true,"href":"https:\/\/petplay.pt\/pt\/wp-json\/wp\/v2\/comments?post=7003"}],"version-history":[{"count":1,"href":"https:\/\/petplay.pt\/pt\/wp-json\/wp\/v2\/product\/7003\/revisions"}],"predecessor-version":[{"id":7004,"href":"https:\/\/petplay.pt\/pt\/wp-json\/wp\/v2\/product\/7003\/revisions\/7004"}],"wp:featuredmedia":[{"embeddable":true,"href":"https:\/\/petplay.pt\/pt\/wp-json\/wp\/v2\/media\/7005"}],"wp:attachment":[{"href":"https:\/\/petplay.pt\/pt\/wp-json\/wp\/v2\/media?parent=7003"}],"wp:term":[{"taxonomy":"product_cat","embeddable":true,"href":"https:\/\/petplay.pt\/pt\/wp-json\/wp\/v2\/product_cat?post=7003"},{"taxonomy":"product_tag","embeddable":true,"href":"https:\/\/petplay.pt\/pt\/wp-json\/wp\/v2\/product_tag?post=7003"}],"curies":[{"name":"wp","href":"https:\/\/api.w.org\/{rel}","templated":true}]}}