{"id":6992,"date":"2024-09-17T09:23:31","date_gmt":"2024-09-17T09:23:31","guid":{"rendered":"https:\/\/petplay.pt\/?post_type=product&#038;p=6992"},"modified":"2024-09-17T14:00:18","modified_gmt":"2024-09-17T14:00:18","slug":"kb-mix-pheasant-1kg","status":"publish","type":"product","link":"https:\/\/petplay.pt\/pt\/shop\/mix\/kb-mix-pheasant-1kg\/","title":{"rendered":"KB Mix \u2013 Fais\u00e3o 1kg"},"content":{"rendered":"<p><strong>Peso:<\/strong> 1 kg.<br \/>\n<strong>Ingredientes:<\/strong> 100% Fais\u00e3o; Corpo com \u00f3rg\u00e3os. Sem penas, cabe\u00e7a, papo e fil\u00e9s.<br \/>\n<strong>Propor\u00e7\u00f5es:<\/strong> Carne: 64%, Ossos: 14%, \u00d3rg\u00e3os: 22%, Extra: 0%.<br \/>\n<strong>An\u00e1lise:<\/strong> 58% umidade, 19% prote\u00edna, 11% gordura, 0,6% fibra, 4,8% cinza, 1,22% c\u00e1lcio, 0,56% f\u00f3sforo, Ca:P: 2,18, Energia: 178 kcal\/100 g.<\/p>","protected":false},"excerpt":{"rendered":"<p>Este KB Mix cont\u00e9m exclusivamente fais\u00e3o selvagem como fonte de prote\u00edna. Esta mistura cont\u00e9m fais\u00e3o: o animal inteiro, sem cabe\u00e7a, papo, penas e fil\u00e9s. A mistura cont\u00e9m apenas ingredientes naturais sem aditivos artificiais. Esta mistura sozinha n\u00e3o \u00e9 completa; a varia\u00e7\u00e3o \u00e9 necess\u00e1ria para uma dieta balanceada. <span style=\"color: #ff0000;\"><strong>Pode conter (partes de) balas de a\u00e7o e chumbo.<\/strong><\/span><\/p>","protected":false},"featured_media":6993,"comment_status":"open","ping_status":"closed","template":"","meta":{"inline_featured_image":false},"product_cat":[94,108],"product_tag":[100,99],"class_list":{"0":"post-6992","1":"product","2":"type-product","3":"status-publish","4":"has-post-thumbnail","6":"product_cat-mix","7":"product_cat-pheasant","8":"product_tag-1-kg","9":"product_tag-pet-food","10":"product_brand-kb-raw","12":"first","13":"instock","14":"taxable","15":"shipping-taxable","16":"purchasable","17":"product-type-simple"},"_links":{"self":[{"href":"https:\/\/petplay.pt\/pt\/wp-json\/wp\/v2\/product\/6992","targetHints":{"allow":["GET"]}}],"collection":[{"href":"https:\/\/petplay.pt\/pt\/wp-json\/wp\/v2\/product"}],"about":[{"href":"https:\/\/petplay.pt\/pt\/wp-json\/wp\/v2\/types\/product"}],"replies":[{"embeddable":true,"href":"https:\/\/petplay.pt\/pt\/wp-json\/wp\/v2\/comments?post=6992"}],"version-history":[{"count":1,"href":"https:\/\/petplay.pt\/pt\/wp-json\/wp\/v2\/product\/6992\/revisions"}],"predecessor-version":[{"id":6995,"href":"https:\/\/petplay.pt\/pt\/wp-json\/wp\/v2\/product\/6992\/revisions\/6995"}],"wp:featuredmedia":[{"embeddable":true,"href":"https:\/\/petplay.pt\/pt\/wp-json\/wp\/v2\/media\/6993"}],"wp:attachment":[{"href":"https:\/\/petplay.pt\/pt\/wp-json\/wp\/v2\/media?parent=6992"}],"wp:term":[{"taxonomy":"product_cat","embeddable":true,"href":"https:\/\/petplay.pt\/pt\/wp-json\/wp\/v2\/product_cat?post=6992"},{"taxonomy":"product_tag","embeddable":true,"href":"https:\/\/petplay.pt\/pt\/wp-json\/wp\/v2\/product_tag?post=6992"}],"curies":[{"name":"wp","href":"https:\/\/api.w.org\/{rel}","templated":true}]}}