{"id":6984,"date":"2024-09-10T15:27:41","date_gmt":"2024-09-10T15:27:41","guid":{"rendered":"https:\/\/petplay.pt\/?post_type=product&#038;p=6984"},"modified":"2024-09-17T14:00:18","modified_gmt":"2024-09-17T14:00:18","slug":"kb-mix-hare-1kg","status":"publish","type":"product","link":"https:\/\/petplay.pt\/pt\/shop\/mix\/kb-mix-hare-1kg\/","title":{"rendered":"KB Mix \u2013 Lebre 1kg"},"content":{"rendered":"<p><strong>Peso:<\/strong> 1 kg.<br \/>\n<strong>Ingredientes:<\/strong> 100% Lebre; Corpo, cora\u00e7\u00e3o, pulm\u00e3o e f\u00edgado.<br \/>\n<strong>Propor\u00e7\u00f5es:<\/strong> Carne: 50%, Ossos: 35%, \u00d3rg\u00e3os: 15%, Extra: 0%.<br \/>\n<strong>An\u00e1lise:<\/strong> 68% umidade, 20% prote\u00edna, 6% gordura, 0% fibra, 1,4% cinza, 1,27% c\u00e1lcio, 0,75% f\u00f3sforo, Ca:P: 1,69, Energia: 139 kcal\/100 g.<\/p>","protected":false},"excerpt":{"rendered":"<p>Este KB Mix cont\u00e9m exclusivamente lebre selvagem como fonte de prote\u00edna e, portanto, pode ser uma parte adequada de uma dieta de elimina\u00e7\u00e3o. Esta mistura consiste em peito de lebre mo\u00eddo com v\u00edsceras em propor\u00e7\u00f5es naturais. A mistura cont\u00e9m apenas ingredientes naturais sem aditivos artificiais. Esta mistura sozinha n\u00e3o \u00e9 completa; a varia\u00e7\u00e3o \u00e9 necess\u00e1ria para uma dieta balanceada. <span style=\"color: #ff0000;\"><strong>Pode conter (partes de) balas de a\u00e7o e chumbo.<\/strong><\/span><\/p>","protected":false},"featured_media":6985,"comment_status":"open","ping_status":"closed","template":"","meta":{"inline_featured_image":false},"product_cat":[107,94],"product_tag":[100,99],"class_list":{"0":"post-6984","1":"product","2":"type-product","3":"status-publish","4":"has-post-thumbnail","6":"product_cat-hare","7":"product_cat-mix","8":"product_tag-1-kg","9":"product_tag-pet-food","10":"product_brand-kb-raw","12":"first","13":"instock","14":"taxable","15":"shipping-taxable","16":"purchasable","17":"product-type-simple"},"_links":{"self":[{"href":"https:\/\/petplay.pt\/pt\/wp-json\/wp\/v2\/product\/6984","targetHints":{"allow":["GET"]}}],"collection":[{"href":"https:\/\/petplay.pt\/pt\/wp-json\/wp\/v2\/product"}],"about":[{"href":"https:\/\/petplay.pt\/pt\/wp-json\/wp\/v2\/types\/product"}],"replies":[{"embeddable":true,"href":"https:\/\/petplay.pt\/pt\/wp-json\/wp\/v2\/comments?post=6984"}],"version-history":[{"count":1,"href":"https:\/\/petplay.pt\/pt\/wp-json\/wp\/v2\/product\/6984\/revisions"}],"predecessor-version":[{"id":6987,"href":"https:\/\/petplay.pt\/pt\/wp-json\/wp\/v2\/product\/6984\/revisions\/6987"}],"wp:featuredmedia":[{"embeddable":true,"href":"https:\/\/petplay.pt\/pt\/wp-json\/wp\/v2\/media\/6985"}],"wp:attachment":[{"href":"https:\/\/petplay.pt\/pt\/wp-json\/wp\/v2\/media?parent=6984"}],"wp:term":[{"taxonomy":"product_cat","embeddable":true,"href":"https:\/\/petplay.pt\/pt\/wp-json\/wp\/v2\/product_cat?post=6984"},{"taxonomy":"product_tag","embeddable":true,"href":"https:\/\/petplay.pt\/pt\/wp-json\/wp\/v2\/product_tag?post=6984"}],"curies":[{"name":"wp","href":"https:\/\/api.w.org\/{rel}","templated":true}]}}