{"id":6973,"date":"2024-09-10T14:57:51","date_gmt":"2024-09-10T14:57:51","guid":{"rendered":"https:\/\/petplay.pt\/?post_type=product&#038;p=6973"},"modified":"2024-09-17T14:00:18","modified_gmt":"2024-09-17T14:00:18","slug":"kb-mix-fish-1kg","status":"publish","type":"product","link":"https:\/\/petplay.pt\/pt\/shop\/mix\/kb-mix-fish-1kg\/","title":{"rendered":"KB Mix \u2013 Peixe 1kg"},"content":{"rendered":"<p><strong>Peso:<\/strong> 1 kg.<br \/>\n<strong>Ingredientes:<\/strong> 40% Corpos de salm\u00e3o, 30% cavala inteira, 30% arenque inteiro.<br \/>\n<strong>Propor\u00e7\u00f5es:<\/strong> Carne: 70%, Ossos: 21%, \u00d3rg\u00e3os: 9%, Extra: 0%.<br \/>\n<strong>An\u00e1lise:<\/strong> 69% umidade, 16% prote\u00edna, 10% gordura, 0,2% fibra, 4% cinza, 1,17% c\u00e1lcio, 0,61% f\u00f3sforo, Ca:P: 1,93, Energia: 155 kcal\/100 g.<\/p>","protected":false},"excerpt":{"rendered":"<p>Este KB Mix \u00e9 composto de salm\u00e3o, sardinha e arenque. Essas esp\u00e9cies de peixes gordurosos s\u00e3o uma fonte importante de \u00e1cidos graxos \u00f4mega-3. O mix cont\u00e9m apenas ingredientes naturais, sem aditivos artificiais. Este mix sozinho n\u00e3o \u00e9 completo; a varia\u00e7\u00e3o \u00e9 necess\u00e1ria para uma dieta balanceada.<\/p>","protected":false},"featured_media":6974,"comment_status":"open","ping_status":"closed","template":"","meta":{"inline_featured_image":false},"product_cat":[102,94],"product_tag":[100,99],"class_list":{"0":"post-6973","1":"product","2":"type-product","3":"status-publish","4":"has-post-thumbnail","6":"product_cat-fish","7":"product_cat-mix","8":"product_tag-1-kg","9":"product_tag-pet-food","10":"product_brand-kb-raw","12":"first","13":"instock","14":"taxable","15":"shipping-taxable","16":"purchasable","17":"product-type-simple"},"_links":{"self":[{"href":"https:\/\/petplay.pt\/pt\/wp-json\/wp\/v2\/product\/6973","targetHints":{"allow":["GET"]}}],"collection":[{"href":"https:\/\/petplay.pt\/pt\/wp-json\/wp\/v2\/product"}],"about":[{"href":"https:\/\/petplay.pt\/pt\/wp-json\/wp\/v2\/types\/product"}],"replies":[{"embeddable":true,"href":"https:\/\/petplay.pt\/pt\/wp-json\/wp\/v2\/comments?post=6973"}],"version-history":[{"count":1,"href":"https:\/\/petplay.pt\/pt\/wp-json\/wp\/v2\/product\/6973\/revisions"}],"predecessor-version":[{"id":6976,"href":"https:\/\/petplay.pt\/pt\/wp-json\/wp\/v2\/product\/6973\/revisions\/6976"}],"wp:featuredmedia":[{"embeddable":true,"href":"https:\/\/petplay.pt\/pt\/wp-json\/wp\/v2\/media\/6974"}],"wp:attachment":[{"href":"https:\/\/petplay.pt\/pt\/wp-json\/wp\/v2\/media?parent=6973"}],"wp:term":[{"taxonomy":"product_cat","embeddable":true,"href":"https:\/\/petplay.pt\/pt\/wp-json\/wp\/v2\/product_cat?post=6973"},{"taxonomy":"product_tag","embeddable":true,"href":"https:\/\/petplay.pt\/pt\/wp-json\/wp\/v2\/product_tag?post=6973"}],"curies":[{"name":"wp","href":"https:\/\/api.w.org\/{rel}","templated":true}]}}