{"id":6971,"date":"2024-09-10T14:54:46","date_gmt":"2024-09-10T14:54:46","guid":{"rendered":"https:\/\/petplay.pt\/?post_type=product&#038;p=6971"},"modified":"2024-09-17T14:00:18","modified_gmt":"2024-09-17T14:00:18","slug":"kb-mix-duck-500g","status":"publish","type":"product","link":"https:\/\/petplay.pt\/pt\/shop\/mix\/kb-mix-duck-500g\/","title":{"rendered":"KB Mix \u2013 Pato 500g"},"content":{"rendered":"<p><strong>Peso:<\/strong> 500 g.<br \/>\n<strong>Ingredientes:<\/strong> 100% Pato: 35% costas, 20% pesco\u00e7o, 20% cora\u00e7\u00e3o, 20% carne, 5% f\u00edgado.<br \/>\n<strong>Propor\u00e7\u00f5es:<\/strong> Carne: 57%, Ossos: 18%, \u00d3rg\u00e3os: 25%, Extra: 0%.<br \/>\n<strong>An\u00e1lise:<\/strong> 68% umidade, 15% prote\u00edna, 12% gordura, 0% fibra, 3,4% cinzas, 0,93% c\u00e1lcio, 0,58% f\u00f3sforo, Ca:P: 1,61, Energia: 172 kcal\/100 g.<\/p>","protected":false},"excerpt":{"rendered":"<p>Este KB Mix cont\u00e9m exclusivamente pato como fonte de prote\u00edna. O mix cont\u00e9m apenas ingredientes naturais sem aditivos artificiais. Este mix sozinho n\u00e3o \u00e9 completo; varia\u00e7\u00e3o \u00e9 necess\u00e1ria para uma dieta balanceada.<\/p>","protected":false},"featured_media":6982,"comment_status":"open","ping_status":"closed","template":"","meta":{"inline_featured_image":false},"product_cat":[103,94],"product_tag":[101,99],"class_list":{"0":"post-6971","1":"product","2":"type-product","3":"status-publish","4":"has-post-thumbnail","6":"product_cat-duck","7":"product_cat-mix","8":"product_tag-500-g","9":"product_tag-pet-food","10":"product_brand-kb-raw","12":"first","13":"instock","14":"taxable","15":"shipping-taxable","16":"purchasable","17":"product-type-simple"},"_links":{"self":[{"href":"https:\/\/petplay.pt\/pt\/wp-json\/wp\/v2\/product\/6971","targetHints":{"allow":["GET"]}}],"collection":[{"href":"https:\/\/petplay.pt\/pt\/wp-json\/wp\/v2\/product"}],"about":[{"href":"https:\/\/petplay.pt\/pt\/wp-json\/wp\/v2\/types\/product"}],"replies":[{"embeddable":true,"href":"https:\/\/petplay.pt\/pt\/wp-json\/wp\/v2\/comments?post=6971"}],"version-history":[{"count":3,"href":"https:\/\/petplay.pt\/pt\/wp-json\/wp\/v2\/product\/6971\/revisions"}],"predecessor-version":[{"id":6981,"href":"https:\/\/petplay.pt\/pt\/wp-json\/wp\/v2\/product\/6971\/revisions\/6981"}],"wp:featuredmedia":[{"embeddable":true,"href":"https:\/\/petplay.pt\/pt\/wp-json\/wp\/v2\/media\/6982"}],"wp:attachment":[{"href":"https:\/\/petplay.pt\/pt\/wp-json\/wp\/v2\/media?parent=6971"}],"wp:term":[{"taxonomy":"product_cat","embeddable":true,"href":"https:\/\/petplay.pt\/pt\/wp-json\/wp\/v2\/product_cat?post=6971"},{"taxonomy":"product_tag","embeddable":true,"href":"https:\/\/petplay.pt\/pt\/wp-json\/wp\/v2\/product_tag?post=6971"}],"curies":[{"name":"wp","href":"https:\/\/api.w.org\/{rel}","templated":true}]}}