{"id":6954,"date":"2024-09-10T14:34:29","date_gmt":"2024-09-10T14:34:29","guid":{"rendered":"https:\/\/petplay.pt\/?post_type=product&#038;p=6954"},"modified":"2024-09-17T14:00:18","modified_gmt":"2024-09-17T14:00:18","slug":"kb-mix-beef-chicken-1kg","status":"publish","type":"product","link":"https:\/\/petplay.pt\/pt\/shop\/mix\/kb-mix-beef-chicken-1kg\/","title":{"rendered":"KB Mix \u2013 Carne Bovina-Frango 1kg"},"content":{"rendered":"<p><strong>Peso:<\/strong> 1 kg.<br \/>\n<strong>Ingredientes:<\/strong> 50% Carne bovina: 20% osso da l\u00edngua, 15% cora\u00e7\u00e3o, 15% r\u00famen, 50% Frango: 45% dorso, 5% f\u00edgado.<br \/>\n<strong>Propor\u00e7\u00f5es:<\/strong> Carne: 42%, Ossos: 23%, \u00d3rg\u00e3os: 35%, Extra: 0%.<br \/>\n<strong>An\u00e1lise:<\/strong> 67% umidade, 16% prote\u00edna, 15% gordura, 0,3% fibra, 2,3% cinzas, 0,81% c\u00e1lcio, 0,42% f\u00f3sforo, Ca:P: 1,91, Energia: 198 kcal\/100 g.<\/p>","protected":false},"excerpt":{"rendered":"<p>Este KB Mix \u00e9 composto de carne bovina e frango; uma boa combina\u00e7\u00e3o de carne vermelha e light. O mix cont\u00e9m apenas ingredientes naturais, sem aditivos artificiais. Este mix sozinho n\u00e3o \u00e9 completo; varia\u00e7\u00e3o \u00e9 necess\u00e1ria para uma dieta balanceada.<\/p>","protected":false},"featured_media":6955,"comment_status":"open","ping_status":"closed","template":"","meta":{"inline_featured_image":false},"product_cat":[104,106,105,94],"product_tag":[100,99],"class_list":{"0":"post-6954","1":"product","2":"type-product","3":"status-publish","4":"has-post-thumbnail","6":"product_cat-beef","7":"product_cat-beef-chicken","8":"product_cat-chicken","9":"product_cat-mix","10":"product_tag-1-kg","11":"product_tag-pet-food","12":"product_brand-kb-raw","14":"first","15":"instock","16":"taxable","17":"shipping-taxable","18":"purchasable","19":"product-type-simple"},"_links":{"self":[{"href":"https:\/\/petplay.pt\/pt\/wp-json\/wp\/v2\/product\/6954","targetHints":{"allow":["GET"]}}],"collection":[{"href":"https:\/\/petplay.pt\/pt\/wp-json\/wp\/v2\/product"}],"about":[{"href":"https:\/\/petplay.pt\/pt\/wp-json\/wp\/v2\/types\/product"}],"replies":[{"embeddable":true,"href":"https:\/\/petplay.pt\/pt\/wp-json\/wp\/v2\/comments?post=6954"}],"version-history":[{"count":2,"href":"https:\/\/petplay.pt\/pt\/wp-json\/wp\/v2\/product\/6954\/revisions"}],"predecessor-version":[{"id":6969,"href":"https:\/\/petplay.pt\/pt\/wp-json\/wp\/v2\/product\/6954\/revisions\/6969"}],"wp:featuredmedia":[{"embeddable":true,"href":"https:\/\/petplay.pt\/pt\/wp-json\/wp\/v2\/media\/6955"}],"wp:attachment":[{"href":"https:\/\/petplay.pt\/pt\/wp-json\/wp\/v2\/media?parent=6954"}],"wp:term":[{"taxonomy":"product_cat","embeddable":true,"href":"https:\/\/petplay.pt\/pt\/wp-json\/wp\/v2\/product_cat?post=6954"},{"taxonomy":"product_tag","embeddable":true,"href":"https:\/\/petplay.pt\/pt\/wp-json\/wp\/v2\/product_tag?post=6954"}],"curies":[{"name":"wp","href":"https:\/\/api.w.org\/{rel}","templated":true}]}}