{"id":6950,"date":"2024-09-10T14:29:14","date_gmt":"2024-09-10T14:29:14","guid":{"rendered":"https:\/\/petplay.pt\/?post_type=product&#038;p=6950"},"modified":"2024-09-17T14:00:19","modified_gmt":"2024-09-17T14:00:19","slug":"kb-mix-beef-1kg","status":"publish","type":"product","link":"https:\/\/petplay.pt\/pt\/shop\/mix\/kb-mix-beef-1kg\/","title":{"rendered":"KB Mix \u2013 Carne Bovina 1kg"},"content":{"rendered":"<p><strong>Peso:<\/strong> 1 kg.<br \/>\n<strong>Ingredientes:<\/strong> 100% Carne bovina: 35% ossos da l\u00edngua, 35% r\u00famen, 20% cora\u00e7\u00e3o, 5% rim, 5% f\u00edgado.<br \/>\n<strong>Propor\u00e7\u00f5es:<\/strong> Carne: 18%, Ossos: 17%, \u00d3rg\u00e3os: 65%, Extra: 0%.<br \/>\n<strong>An\u00e1lise:<\/strong> 68% umidade, 16% prote\u00edna, 14% gordura, 0,3% fibra, 1,4% cinza, 0,52% c\u00e1lcio, 0,32% f\u00f3sforo, Ca:P: 1,62, Energia: 188 kcal\/100 g.<\/p>","protected":false},"excerpt":{"rendered":"<p>Este KB Mix cont\u00e9m exclusivamente carne bovina como fonte de prote\u00edna. O mix cont\u00e9m apenas ingredientes naturais sem aditivos artificiais. Este mix sozinho n\u00e3o \u00e9 completo; varia\u00e7\u00e3o \u00e9 necess\u00e1ria para uma dieta balanceada.<\/p>","protected":false},"featured_media":6941,"comment_status":"open","ping_status":"closed","template":"","meta":{"inline_featured_image":false},"product_cat":[104,94],"product_tag":[100,99],"class_list":{"0":"post-6950","1":"product","2":"type-product","3":"status-publish","4":"has-post-thumbnail","6":"product_cat-beef","7":"product_cat-mix","8":"product_tag-1-kg","9":"product_tag-pet-food","10":"product_brand-kb-raw","12":"first","13":"instock","14":"taxable","15":"shipping-taxable","16":"purchasable","17":"product-type-simple"},"_links":{"self":[{"href":"https:\/\/petplay.pt\/pt\/wp-json\/wp\/v2\/product\/6950","targetHints":{"allow":["GET"]}}],"collection":[{"href":"https:\/\/petplay.pt\/pt\/wp-json\/wp\/v2\/product"}],"about":[{"href":"https:\/\/petplay.pt\/pt\/wp-json\/wp\/v2\/types\/product"}],"replies":[{"embeddable":true,"href":"https:\/\/petplay.pt\/pt\/wp-json\/wp\/v2\/comments?post=6950"}],"version-history":[{"count":4,"href":"https:\/\/petplay.pt\/pt\/wp-json\/wp\/v2\/product\/6950\/revisions"}],"predecessor-version":[{"id":6970,"href":"https:\/\/petplay.pt\/pt\/wp-json\/wp\/v2\/product\/6950\/revisions\/6970"}],"wp:featuredmedia":[{"embeddable":true,"href":"https:\/\/petplay.pt\/pt\/wp-json\/wp\/v2\/media\/6941"}],"wp:attachment":[{"href":"https:\/\/petplay.pt\/pt\/wp-json\/wp\/v2\/media?parent=6950"}],"wp:term":[{"taxonomy":"product_cat","embeddable":true,"href":"https:\/\/petplay.pt\/pt\/wp-json\/wp\/v2\/product_cat?post=6950"},{"taxonomy":"product_tag","embeddable":true,"href":"https:\/\/petplay.pt\/pt\/wp-json\/wp\/v2\/product_tag?post=6950"}],"curies":[{"name":"wp","href":"https:\/\/api.w.org\/{rel}","templated":true}]}}